{"id":1236,"date":"2021-04-03T08:47:44","date_gmt":"2021-04-03T08:47:44","guid":{"rendered":"https:\/\/hilink.be\/?page_id=1236"},"modified":"2023-06-03T09:44:47","modified_gmt":"2023-06-03T09:44:47","slug":"about","status":"publish","type":"page","link":"https:\/\/hilink.be\/en\/about\/","title":{"rendered":"About"},"content":{"rendered":"<div data-elementor-type=\"wp-page\"   data-elementor-id=\"1236\"  class=\"elementor elementor-1236\"  data-elementor-settings=\"[]\">\n\t\t\t\t\t\t<div class=\"elementor-inner\">\n\t\t\t\t\t\t\t<div class=\"elementor-section-wrap\">\n\t\t\t\t\t\t\t<section class=\"elementor-section elementor-top-section elementor-element elementor-element-21521fa elementor-section-full_width elementor-section-height-min-height elementor-section-height-default elementor-section-items-middle\"   data-id=\"21521fa\"   data-element_type=\"section\"   data-settings=\"{&quot;background_background&quot;:&quot;classic&quot;,&quot;shape_divider_bottom&quot;:&quot;waves&quot;}\">\n\t\t\t\t\t\t\t<div class=\"elementor-background-overlay\"><\/div>\n\t\t\t\t\t\t<div class=\"elementor-shape elementor-shape-bottom\"   data-negative=\"false\">\n\t\t\t<svg xmlns=\"http:\/\/www.w3.org\/2000\/svg\"   viewbox=\"0 0 1000 100\"   preserveaspectratio=\"none\">\n\t<path class=\"elementor-shape-fill\"   d=\"M421.9,6.5c22.6-2.5,51.5,0.4,75.5,5.3c23.6,4.9,70.9,23.5,100.5,35.7c75.8,32.2,133.7,44.5,192.6,49.7\tc23.6,2.1,48.7,3.5,103.4-2.5c54.7-6,106.2-25.6,106.2-25.6V0H0v30.3c0,0,72,32.6,158.4,30.5c39.2-0.7,92.8-6.7,134-22.4\tc21.2-8.1,52.2-18.2,79.7-24.2C399.3,7.9,411.6,7.5,421.9,6.5z\"\/>\n<\/svg>\t\t<\/div>\n\t\t\t\t\t<div class=\"elementor-container elementor-column-gap-default\">\n\t\t\t\t\t\t\t<div class=\"elementor-row\" >\n\t\t\t\t\t<div class=\"elementor-column elementor-col-100 elementor-top-column elementor-element elementor-element-aadd070\"   data-id=\"aadd070\"   data-element_type=\"column\">\n\t\t\t<div class=\"elementor-column-wrap elementor-element-populated\">\n\t\t\t\t\t\t\t<div class=\"elementor-widget-wrap\">\n\t\t\t\t\t\t<div class=\"elementor-element elementor-element-456a339 elementor-widget elementor-widget-heading\"   data-id=\"456a339\"   data-element_type=\"widget\"   data-widget_type=\"heading.default\">\n\t\t\t\t<div class=\"elementor-widget-container\">\n\t\t\t<h1 class=\"elementor-heading-title elementor-size-xl\">About Us<\/h1>\t\t<\/div>\n\t\t\t\t<\/div>\n\t\t\t\t<div class=\"elementor-element elementor-element-7cedf72 elementor-widget-divider--view-line elementor-widget elementor-widget-divider\"   data-id=\"7cedf72\"   data-element_type=\"widget\"   data-widget_type=\"divider.default\">\n\t\t\t\t<div class=\"elementor-widget-container\">\n\t\t\t\t\t<div class=\"elementor-divider\">\n\t\t\t<span class=\"elementor-divider-separator\">\n\t\t\t\t\t\t<\/span>\n\t\t<\/div>\n\t\t\t\t<\/div>\n\t\t\t\t<\/div>\n\t\t\t\t\t\t<\/div>\n\t\t\t\t\t<\/div>\n\t\t<\/div>\n\t\t\t\t\t\t\t\t<\/div>\n\t\t\t\t\t<\/div>\n\t\t<\/section>\n\t\t\t\t<section class=\"elementor-section elementor-top-section elementor-element elementor-element-cd1670b elementor-section-boxed elementor-section-height-default elementor-section-height-default\"   data-id=\"cd1670b\"   data-element_type=\"section\">\n\t\t\t\t\t\t<div class=\"elementor-container elementor-column-gap-default\">\n\t\t\t\t\t\t\t<div class=\"elementor-row\">\n\t\t\t\t\t<div class=\"elementor-column elementor-col-100 elementor-top-column elementor-element elementor-element-ec13b08\"   data-id=\"ec13b08\" data-element_type=\"column\">\n\t\t\t<div class=\"elementor-column-wrap elementor-element-populated\">\n\t\t\t\t\t\t\t<div class=\"elementor-widget-wrap\">\n\t\t\t\t\t\t<div class=\"elementor-element elementor-element-9710377 elementor-widget elementor-widget-heading\"   data-id=\"9710377\"   data-element_type=\"widget\"   data-widget_type=\"heading.default\">\n\t\t\t\t<div class=\"elementor-widget-container\">\n\t\t\t<h1 class=\"elementor-heading-title elementor-size-xl\">Our values\n<\/h1>\t\t<\/div>\n\t\t\t\t<\/div>\n\t\t\t\t\t\t<\/div>\n\t\t\t\t\t<\/div>\n\t\t<\/div>\n\t\t\t\t\t\t\t\t<\/div>\n\t\t\t\t\t<\/div>\n\t\t<\/section>\n\t\t\t\t<section class=\"elementor-section elementor-top-section elementor-element elementor-element-e1f7c68 elementor-section-boxed elementor-section-height-default elementor-section-height-default\"   data-id=\"e1f7c68\"   data-element_type=\"section\">\n\t\t\t\t\t\t<div class=\"elementor-container elementor-column-gap-default\">\n\t\t\t\t\t\t\t<div class=\"elementor-row\">\n\t\t\t\t\t<div class=\"elementor-column elementor-col-33 elementor-top-column elementor-element elementor-element-41311db\"   data-id=\"41311db\"   data-element_type=\"column\">\n\t\t\t<div class=\"elementor-column-wrap elementor-element-populated\">\n\t\t\t\t\t\t\t<div class=\"elementor-widget-wrap\">\n\t\t\t\t\t\t<div class=\"elementor-element elementor-element-c9e050e elementor-position-top elementor-vertical-align-top elementor-widget elementor-widget-image-box\"   data-id=\"c9e050e\"   data-element_type=\"widget\"   data-widget_type=\"image-box.default\">\n\t\t\t\t<div class=\"elementor-widget-container\" >\n\t\t\t<div class=\"elementor-image-box-wrapper\"><figure class=\"elementor-image-box-img\" ><img width=\"640\"   height=\"480\"   src=\"https:\/\/hilink.be\/wp-content\/uploads\/2021\/03\/analysis-banking-businesswoman-1451448-oebz2tbjlcbq1bzd012ppolqw0rj2nt91pi3j50z40.jpg\"   class=\"attachment-full size-full\"   alt=\"\"   loading=\"lazy\"   srcset=\"https:\/\/hilink.be\/wp-content\/uploads\/2021\/03\/analysis-banking-businesswoman-1451448-oebz2tbjlcbq1bzd012ppolqw0rj2nt91pi3j50z40.jpg 640w, https:\/\/hilink.be\/wp-content\/uploads\/2021\/03\/analysis-banking-businesswoman-1451448-oebz2tbjlcbq1bzd012ppolqw0rj2nt91pi3j50z40-300x225.jpg 300w\"   sizes=\"(max-width: 640px) 100vw, 640px\" \/><\/figure><div class=\"elementor-image-box-content\"><h3 class=\"elementor-image-box-title\">RESPONSIVENESS<\/h3><p class=\"elementor-image-box-description\" >Active throughout Belgium and the Luxembourg, we offer our passion and experience to satisfy your telecommunications needs.\n<br>\nHilink r\u00e9agit \u00e0 votre demande en un double-clic (ou presque). Les incidents n\u2019ont qu\u2019\u00e0 bien se tenir.\n\n<\/p><\/div><\/div>\t\t<\/div>\n\t\t\t\t<\/div>\n\t\t\t\t\t\t<\/div>\n\t\t\t\t\t<\/div>\n\t\t<\/div>\n\t\t\t\t<div class=\"elementor-column elementor-col-33 elementor-top-column elementor-element elementor-element-470637c\"   data-id=\"470637c\"   data-element_type=\"column\">\n\t\t\t<div class=\"elementor-column-wrap elementor-element-populated\">\n\t\t\t\t\t\t\t<div class=\"elementor-widget-wrap\">\n\t\t\t\t\t\t<div class=\"elementor-element elementor-element-7afb375 elementor-position-top elementor-vertical-align-top elementor-widget elementor-widget-image-box\"   data-id=\"7afb375\"   data-element_type=\"widget\"   data-widget_type=\"image-box.default\">\n\t\t\t\t<div class=\"elementor-widget-container\">\n\t\t\t<div class=\"elementor-image-box-wrapper\"><figure class=\"elementor-image-box-img\" ><img width=\"640\"   height=\"480\"   src=\"https:\/\/hilink.be\/wp-content\/uploads\/2021\/03\/black-collaboration-cooperation-943630-oe1trcgd48yfwz82c8gw5esa9mofyve6vzdyjsu9c0.jpg\"   class=\"attachment-full size-full\"   alt=\"\"   loading=\"lazy\"   srcset=\"https:\/\/hilink.be\/wp-content\/uploads\/2021\/03\/black-collaboration-cooperation-943630-oe1trcgd48yfwz82c8gw5esa9mofyve6vzdyjsu9c0.jpg 640w, https:\/\/hilink.be\/wp-content\/uploads\/2021\/03\/black-collaboration-cooperation-943630-oe1trcgd48yfwz82c8gw5esa9mofyve6vzdyjsu9c0-300x225.jpg 300w\"   sizes=\"(max-width: 640px) 100vw, 640px\" \/><\/figure><div class=\"elementor-image-box-content\"><h3 class=\"elementor-image-box-title\">PROXIMITY<\/h3><p class=\"elementor-image-box-description\">Close to our customers, we strive to maintain long-term relationship based on trust and exchange.\n<br>\nThe satisfaction of our customers is our top priority. And it cannot be achieved 100% without hand-in-hand work with each of our partners.\n\n<\/p><\/div><\/div>\t\t<\/div>\n\t\t\t\t<\/div>\n\t\t\t\t\t\t<\/div>\n\t\t\t\t\t<\/div>\n\t\t<\/div>\n\t\t\t\t<div class=\"elementor-column elementor-col-33 elementor-top-column elementor-element elementor-element-b7f66f6\"   data-id=\"b7f66f6\"   data-element_type=\"column\">\n\t\t\t<div class=\"elementor-column-wrap elementor-element-populated\">\n\t\t\t\t\t\t\t<div class=\"elementor-widget-wrap\">\n\t\t\t\t\t\t<div class=\"elementor-element elementor-element-8f9345d elementor-position-top elementor-vertical-align-top elementor-widget elementor-widget-image-box\"   data-id=\"8f9345d\"   data-element_type=\"widget\"   data-widget_type=\"image-box.default\">\n\t\t\t\t<div class=\"elementor-widget-container\">\n\t\t\t<div class=\"elementor-image-box-wrapper\"><figure class=\"elementor-image-box-img\" ><img width=\"640\"   height=\"480\"   src=\"https:\/\/hilink.be\/wp-content\/uploads\/2021\/03\/agenda-calendar-close-up-60032-2-oe1t4dae21i444lkiax777inijxft86ee9ao8awpfk.jpg\"   class=\"attachment-full size-full\"   alt=\"\"   loading=\"lazy\"   srcset=\"https:\/\/hilink.be\/wp-content\/uploads\/2021\/03\/agenda-calendar-close-up-60032-2-oe1t4dae21i444lkiax777inijxft86ee9ao8awpfk.jpg 640w, https:\/\/hilink.be\/wp-content\/uploads\/2021\/03\/agenda-calendar-close-up-60032-2-oe1t4dae21i444lkiax777inijxft86ee9ao8awpfk-300x225.jpg 300w\"   sizes=\"(max-width: 640px) 100vw, 640px\" \/><\/figure><div class=\"elementor-image-box-content\"><h3 class=\"elementor-image-box-title\">FLEXIBILITY<\/h3><p class=\"elementor-image-box-description\" >Our team listens to you and constantly adapts to your agenda. In order to lighten your workload. We look for the solution that will optimize your activity.\n<br>\nSi comfortably and scroll through your black screen while we set up your computer network.\n\n<\/p><\/div><\/div>\t\t<\/div>\n\t\t\t\t<\/div>\n\t\t\t\t\t\t<\/div>\n\t\t\t\t\t<\/div>\n\t\t<\/div>\n\t\t\t\t\t\t\t\t<\/div>\n\t\t\t\t\t<\/div>\n\t\t<\/section>\n\t\t\t\t\t\t<\/div>\n\t\t\t\t\t\t<\/div>\n\t\t\t\t\t<\/div>","protected":false},"excerpt":{"rendered":"<p>\u00c0 propos Nos Valeurs R\u00c9ACTIVIT\u00c9 Actifs partout en Belgique et au Grand-Duch\u00e9 du Luxembourg, nous mettons \u00e0 votre disposition notre passion et notre exp\u00e9rience pour satisfaire vos besoins en mati\u00e8re de t\u00e9l\u00e9communications. Hilink r\u00e9agit \u00e0 votre demande en un double-clic (ou presque). Les incidents n\u2019ont qu\u2019\u00e0 bien se tenir. PROXIMIT\u00c9 Proches de nos clients, nous [&hellip;]<\/p>","protected":false},"author":4,"featured_media":0,"parent":0,"menu_order":0,"comment_status":"closed","ping_status":"closed","template":"elementor_header_footer","meta":[],"_links":{"self":[{"href":"https:\/\/hilink.be\/en\/wp-json\/wp\/v2\/pages\/1236"}],"collection":[{"href":"https:\/\/hilink.be\/en\/wp-json\/wp\/v2\/pages"}],"about":[{"href":"https:\/\/hilink.be\/en\/wp-json\/wp\/v2\/types\/page"}],"author":[{"embeddable":true,"href":"https:\/\/hilink.be\/en\/wp-json\/wp\/v2\/users\/4"}],"replies":[{"embeddable":true,"href":"https:\/\/hilink.be\/en\/wp-json\/wp\/v2\/comments?post=1236"}],"version-history":[{"count":79,"href":"https:\/\/hilink.be\/en\/wp-json\/wp\/v2\/pages\/1236\/revisions"}],"predecessor-version":[{"id":4003,"href":"https:\/\/hilink.be\/en\/wp-json\/wp\/v2\/pages\/1236\/revisions\/4003"}],"wp:attachment":[{"href":"https:\/\/hilink.be\/en\/wp-json\/wp\/v2\/media?parent=1236"}],"curies":[{"name":"wp","href":"https:\/\/api.w.org\/{rel}","templated":true}]}}