{"id":736,"date":"2021-03-24T07:33:15","date_gmt":"2021-03-24T07:33:15","guid":{"rendered":"https:\/\/hilink.be\/?page_id=736"},"modified":"2024-06-20T22:57:32","modified_gmt":"2024-06-20T22:57:32","slug":"wi-fi","status":"publish","type":"page","link":"https:\/\/hilink.be\/en\/wi-fi\/","title":{"rendered":"Wi-Fi"},"content":{"rendered":"<div data-elementor-type=\"wp-page\"   data-elementor-id=\"736\"  class=\"elementor elementor-736\"  data-elementor-settings=\"[]\">\n\t\t\t\t\t\t<div class=\"elementor-inner\" >\n\t\t\t\t\t\t\t<div class=\"elementor-section-wrap\">\n\t\t\t\t\t\t\t<section class=\"elementor-section elementor-top-section elementor-element elementor-element-339df9c elementor-section-height-min-height elementor-section-boxed elementor-section-height-default elementor-section-items-middle\"   data-id=\"339df9c\"   data-element_type=\"section\"   data-settings=\"{&quot;background_background&quot;:&quot;classic&quot;,&quot;shape_divider_bottom&quot;:&quot;waves&quot;}\">\n\t\t\t\t\t<div class=\"elementor-shape elementor-shape-bottom\" data-negative=\"false\">\n\t\t\t<svg xmlns=\"http:\/\/www.w3.org\/2000\/svg\"  viewbox=\"0 0 1000 100\" preserveaspectratio=\"none\">\n\t<path class=\"elementor-shape-fill\"   d=\"M421.9,6.5c22.6-2.5,51.5,0.4,75.5,5.3c23.6,4.9,70.9,23.5,100.5,35.7c75.8,32.2,133.7,44.5,192.6,49.7\tc23.6,2.1,48.7,3.5,103.4-2.5c54.7-6,106.2-25.6,106.2-25.6V0H0v30.3c0,0,72,32.6,158.4,30.5c39.2-0.7,92.8-6.7,134-22.4\tc21.2-8.1,52.2-18.2,79.7-24.2C399.3,7.9,411.6,7.5,421.9,6.5z\"\/>\n<\/svg>\t\t<\/div>\n\t\t\t\t\t<div class=\"elementor-container elementor-column-gap-default\">\n\t\t\t\t\t\t\t<div class=\"elementor-row\">\n\t\t\t\t\t<div class=\"elementor-column elementor-col-100 elementor-top-column elementor-element elementor-element-9e24454\"   data-id=\"9e24454\"   data-element_type=\"column\">\n\t\t\t<div class=\"elementor-column-wrap\">\n\t\t\t\t\t\t\t<div class=\"elementor-widget-wrap\">\n\t\t\t\t\t\t\t\t<\/div>\n\t\t\t\t\t<\/div>\n\t\t<\/div>\n\t\t\t\t\t\t\t\t<\/div>\n\t\t\t\t\t<\/div>\n\t\t<\/section>\n\t\t\t\t<section class=\"elementor-section elementor-top-section elementor-element elementor-element-9f0f923 elementor-section-boxed elementor-section-height-default elementor-section-height-default\"   data-id=\"9f0f923\"   data-element_type=\"section\">\n\t\t\t\t\t\t<div class=\"elementor-container elementor-column-gap-default\">\n\t\t\t\t\t\t\t<div class=\"elementor-row\">\n\t\t\t\t\t<div class=\"elementor-column elementor-col-100 elementor-top-column elementor-element elementor-element-55f04d6\"   data-id=\"55f04d6\" data-element_type=\"column\">\n\t\t\t<div class=\"elementor-column-wrap elementor-element-populated\">\n\t\t\t\t\t\t\t<div class=\"elementor-widget-wrap\">\n\t\t\t\t\t\t<div class=\"elementor-element elementor-element-abad50c elementor-widget elementor-widget-spacer\"   data-id=\"abad50c\"   data-element_type=\"widget\"   data-widget_type=\"spacer.default\">\n\t\t\t\t<div class=\"elementor-widget-container\">\n\t\t\t\t\t<div class=\"elementor-spacer\">\n\t\t\t<div class=\"elementor-spacer-inner\"><\/div>\n\t\t<\/div>\n\t\t\t\t<\/div>\n\t\t\t\t<\/div>\n\t\t\t\t<div class=\"elementor-element elementor-element-f8c2de0 elementor-widget elementor-widget-heading\"   data-id=\"f8c2de0\"   data-element_type=\"widget\"   data-widget_type=\"heading.default\">\n\t\t\t\t<div class=\"elementor-widget-container\">\n\t\t\t<h2 class=\"elementor-heading-title elementor-size-default\">Wi-Fi\n<\/h2>\t\t<\/div>\n\t\t\t\t<\/div>\n\t\t\t\t\t\t<\/div>\n\t\t\t\t\t<\/div>\n\t\t<\/div>\n\t\t\t\t\t\t\t\t<\/div>\n\t\t\t\t\t<\/div>\n\t\t<\/section>\n\t\t\t\t<section class=\"elementor-section elementor-top-section elementor-element elementor-element-f180e9f elementor-section-boxed elementor-section-height-default elementor-section-height-default\"   data-id=\"f180e9f\"   data-element_type=\"section\">\n\t\t\t\t\t\t<div class=\"elementor-container elementor-column-gap-default\">\n\t\t\t\t\t\t\t<div class=\"elementor-row\">\n\t\t\t\t\t<div class=\"elementor-column elementor-col-100 elementor-top-column elementor-element elementor-element-8e92fb1\"   data-id=\"8e92fb1\"  data-element_type=\"column\">\n\t\t\t<div class=\"elementor-column-wrap elementor-element-populated\">\n\t\t\t\t\t\t\t<div class=\"elementor-widget-wrap\">\n\t\t\t\t\t\t<div class=\"elementor-element elementor-element-150217d elementor-widget elementor-widget-heading\"   data-id=\"150217d\"   data-element_type=\"widget\"   data-widget_type=\"heading.default\">\n\t\t\t\t<div class=\"elementor-widget-container\">\n\t\t\t<h2 class=\"elementor-heading-title elementor-size-default\">Wireless connection is the future of technology.\n\n\n\n\n<\/h2>\t\t<\/div>\n\t\t\t\t<\/div>\n\t\t\t\t<div class=\"elementor-element elementor-element-08966ad elementor-widget elementor-widget-heading\"   data-id=\"08966ad\"   data-element_type=\"widget\"   data-widget_type=\"heading.default\">\n\t\t\t\t<div class=\"elementor-widget-container\">\n\t\t\t<h2 class=\"elementor-heading-title elementor-size-default\">Wi-Fi networks are getting faster and more reliable.\n\n<\/h2>\t\t<\/div>\n\t\t\t\t<\/div>\n\t\t\t\t<div class=\"elementor-element elementor-element-8fed86b elementor-widget elementor-widget-heading\"   data-id=\"8fed86b\"   data-element_type=\"widget\"   data-widget_type=\"heading.default\">\n\t\t\t\t<div class=\"elementor-widget-container\">\n\t\t\t<h2 class=\"elementor-heading-title elementor-size-default\">Equip yourself with the best devices to allow your team to use the connected equipment to become better and faster.\n\n<\/h2>\t\t<\/div>\n\t\t\t\t<\/div>\n\t\t\t\t<div class=\"elementor-element elementor-element-1fd1c16 elementor-widget elementor-widget-heading\"   data-id=\"1fd1c16\"   data-element_type=\"widget\"   data-widget_type=\"heading.default\">\n\t\t\t\t<div class=\"elementor-widget-container\">\n\t\t\t<h2 class=\"elementor-heading-title elementor-size-default\">We guarantee easy connectivity, available anywhere in your workspaces and compatible with all your devices, from your smartphone to your printer.\n\n\n<\/h2>\t\t<\/div>\n\t\t\t\t<\/div>\n\t\t\t\t\t\t<\/div>\n\t\t\t\t\t<\/div>\n\t\t<\/div>\n\t\t\t\t\t\t\t\t<\/div>\n\t\t\t\t\t<\/div>\n\t\t<\/section>\n\t\t\t\t<section class=\"elementor-section elementor-top-section elementor-element elementor-element-7a8fee5 elementor-section-boxed elementor-section-height-default elementor-section-height-default\"   data-id=\"7a8fee5\"   data-element_type=\"section\">\n\t\t\t\t\t\t<div class=\"elementor-container elementor-column-gap-default\">\n\t\t\t\t\t\t\t<div class=\"elementor-row\">\n\t\t\t\t\t<div class=\"elementor-column elementor-col-100 elementor-top-column elementor-element elementor-element-f66be13\"   data-id=\"f66be13\" data-element_type=\"column\">\n\t\t\t<div class=\"elementor-column-wrap elementor-element-populated\">\n\t\t\t\t\t\t\t<div class=\"elementor-widget-wrap\">\n\t\t\t\t\t\t<section class=\"elementor-section elementor-inner-section elementor-element elementor-element-bc77466 elementor-section-boxed elementor-section-height-default elementor-section-height-default\"   data-id=\"bc77466\"  data-element_type=\"section\">\n\t\t\t\t\t\t<div class=\"elementor-container elementor-column-gap-default\">\n\t\t\t\t\t\t\t<div class=\"elementor-row\">\n\t\t\t\t\t<div class=\"elementor-column elementor-col-20 elementor-inner-column elementor-element elementor-element-87f8d19\"   data-id=\"87f8d19\"   data-element_type=\"column\">\n\t\t\t<div class=\"elementor-column-wrap elementor-element-populated\">\n\t\t\t\t\t\t\t<div class=\"elementor-widget-wrap\">\n\t\t\t\t\t\t<div class=\"elementor-element elementor-element-e073cbb elementor-view-default elementor-position-top elementor-vertical-align-top elementor-widget elementor-widget-icon-box\"   data-id=\"e073cbb\"   data-element_type=\"widget\"   data-widget_type=\"icon-box.default\">\n\t\t\t\t<div class=\"elementor-widget-container\">\n\t\t\t\t\t<div class=\"elementor-icon-box-wrapper\">\n\t\t\t\t\t\t<div class=\"elementor-icon-box-icon\">\n\t\t\t\t<span class=\"elementor-icon elementor-animation-\" >\n\t\t\t\t<svg xmlns=\"http:\/\/www.w3.org\/2000\/svg\"  viewbox=\"0 0 80.34 62.02\"><g id=\"Layer_2\"  data-name=\"Layer 2\"><g id=\"Layer_1-2\"  data-name=\"Layer 1\"><circle cx=\"40.6\"  cy=\"54.54\"  r=\"7.48\"><\/circle><path d=\"M79.5,16.34A54.15,54.15,0,0,0,40.6,0,54.71,54.71,0,0,0,.79,17.3a2.93,2.93,0,1,0,4.28,4A48.85,48.85,0,0,1,40.6,5.86,48.31,48.31,0,0,1,75.32,20.45a2.93,2.93,0,0,0,4.18-4.11Z\"><\/path><path d=\"M40.6,14.4A40.31,40.31,0,0,0,11.42,27a2.93,2.93,0,1,0,4.26,4A33.92,33.92,0,0,1,40.6,20.26,34.36,34.36,0,0,1,66,31.5a2.93,2.93,0,1,0,4.34-3.94A40.26,40.26,0,0,0,40.6,14.4Z\" ><\/path><path d=\"M40.6,28.8a25.76,25.76,0,0,0-19.4,8.82,2.93,2.93,0,0,0,4.41,3.86,19.89,19.89,0,0,1,29.7-.32,2.93,2.93,0,1,0,4.33-3.94A25.8,25.8,0,0,0,40.6,28.8Z\"><\/path><\/g><\/g><\/svg>\t\t\t\t<\/span>\n\t\t\t<\/div>\n\t\t\t\t\t\t<div class=\"elementor-icon-box-content\">\n\t\t\t\t<h3 class=\"elementor-icon-box-title\">\n\t\t\t\t\t<span >Efficiency<\/span>\n\t\t\t\t<\/h3>\n\t\t\t\t\t\t\t\t<p class=\"elementor-icon-box-description\">Even hard-to-reach places are covered by your network.\n\n<\/p>\n\t\t\t\t\t\t\t<\/div>\n\t\t<\/div>\n\t\t\t\t<\/div>\n\t\t\t\t<\/div>\n\t\t\t\t\t\t<\/div>\n\t\t\t\t\t<\/div>\n\t\t<\/div>\n\t\t\t\t<div class=\"elementor-column elementor-col-20 elementor-inner-column elementor-element elementor-element-24c8768\"   data-id=\"24c8768\"   data-element_type=\"column\">\n\t\t\t<div class=\"elementor-column-wrap elementor-element-populated\">\n\t\t\t\t\t\t\t<div class=\"elementor-widget-wrap\" >\n\t\t\t\t\t\t<div class=\"elementor-element elementor-element-d479d62 elementor-view-default elementor-position-top elementor-vertical-align-top elementor-widget elementor-widget-icon-box\"   data-id=\"d479d62\"   data-element_type=\"widget\"   data-widget_type=\"icon-box.default\">\n\t\t\t\t<div class=\"elementor-widget-container\">\n\t\t\t\t\t<div class=\"elementor-icon-box-wrapper\">\n\t\t\t\t\t\t<div class=\"elementor-icon-box-icon\">\n\t\t\t\t<span class=\"elementor-icon elementor-animation-\" >\n\t\t\t\t<svg xmlns=\"http:\/\/www.w3.org\/2000\/svg\"  viewbox=\"0 0 75.6 72.89\"><g id=\"Layer_2\" data-name=\"Layer 2\"><g id=\"Layer_1-2\" data-name=\"Layer 1\"><path d=\"M25,33.08A2.38,2.38,0,0,0,23.28,29H2.38A2.37,2.37,0,0,0,0,31.4a2.38,2.38,0,0,0,2.38,2.38h20.9A2.38,2.38,0,0,0,25,33.08Z\"><\/path><path d=\"M25,56.08A2.38,2.38,0,0,0,23.28,52H8.79a2.38,2.38,0,0,0,0,4.76H23.28A2.38,2.38,0,0,0,25,56.08Z\" ><\/path><path d=\"M13.66,40.52a2.37,2.37,0,0,0-2.38,2.38,2.38,2.38,0,0,0,2.38,2.38H23.72a2.38,2.38,0,1,0,0-4.76Z\"><\/path><path d=\"M68.93,21.1l3.77-4.75h0a3.52,3.52,0,0,0,1.21-2.67,3.58,3.58,0,0,0-6.34-2.28L63,15.18A32,32,0,0,0,46.56,8.65l1.22-4.31a4.09,4.09,0,0,0,4-4.09V0H34.38V.25a4.09,4.09,0,0,0,4.09,4.09H39l1.22,4.31a32.32,32.32,0,0,0-20.4,10.13,2.95,2.95,0,0,0,4.32,4A26.3,26.3,0,1,1,43.4,67a26.09,26.09,0,0,1-15.6-5.13,2.95,2.95,0,1,0-3.51,4.74A32.18,32.18,0,0,0,68.93,21.1Z\"><\/path><path d=\"M49.06,42.64l7-11.88h0A2.37,2.37,0,0,0,53,27.21h0l-.1.07,0,0L41.5,34.83a6,6,0,1,0,7.56,7.81Z\"><\/path><\/g><\/g><\/svg>\t\t\t\t<\/span>\n\t\t\t<\/div>\n\t\t\t\t\t\t<div class=\"elementor-icon-box-content\">\n\t\t\t\t<h3 class=\"elementor-icon-box-title\">\n\t\t\t\t\t<span >Speed<\/span>\n\t\t\t\t<\/h3>\n\t\t\t\t\t\t\t\t<p class=\"elementor-icon-box-description\">Exclusive loading speed for each of your connected tools.\n\n<\/p>\n\t\t\t\t\t\t\t<\/div>\n\t\t<\/div>\n\t\t\t\t<\/div>\n\t\t\t\t<\/div>\n\t\t\t\t\t\t<\/div>\n\t\t\t\t\t<\/div>\n\t\t<\/div>\n\t\t\t\t<div class=\"elementor-column elementor-col-20 elementor-inner-column elementor-element elementor-element-a04ac6a\"   data-id=\"a04ac6a\"   data-element_type=\"column\">\n\t\t\t<div class=\"elementor-column-wrap elementor-element-populated\">\n\t\t\t\t\t\t\t<div class=\"elementor-widget-wrap\" >\n\t\t\t\t\t\t<div class=\"elementor-element elementor-element-effec93 elementor-view-default elementor-position-top elementor-vertical-align-top elementor-widget elementor-widget-icon-box\"   data-id=\"effec93\"   data-element_type=\"widget\"   data-widget_type=\"icon-box.default\">\n\t\t\t\t<div class=\"elementor-widget-container\">\n\t\t\t\t\t<div class=\"elementor-icon-box-wrapper\">\n\t\t\t\t\t\t<div class=\"elementor-icon-box-icon\">\n\t\t\t\t<span class=\"elementor-icon elementor-animation-\" >\n\t\t\t\t<svg xmlns=\"http:\/\/www.w3.org\/2000\/svg\"  viewbox=\"0 0 48.7 65.54\"><g id=\"Layer_2\"  data-name=\"Layer 2\"><g id=\"Layer_1-2\"  data-name=\"Layer 1\"><path d=\"M48.65,9.14s.4-1.2-2.1-1.5c0,0-15.1-1.81-20.5-6.5-1.08-1.57-2.21-1.47-3.4,0-5.4,4.69-20.5,6.5-20.5,6.5-2.5.3-2.1,1.5-2.1,1.5-.3,15.9.8,20.7.8,20.7,4.8,23.2,23.5,35.7,23.5,35.7s18.7-12.5,23.5-35.7C47.85,29.84,49,25,48.65,9.14ZM45.84,29.22C42,47.87,28.75,59.59,24.35,63,20,59.59,6.72,47.87,2.87,29.26c0-.09-1-4.87-.79-19.62C4.18,9.39,18.47,7.47,24.3,2.4l.05,0,0,0c5.83,5.07,20.12,7,22.22,7.24C46.85,24.39,45.85,29.17,45.84,29.22Z\"><\/path><path d=\"M34.5,26.4H16.06a2.3,2.3,0,0,0-2.3,2.3V40.77a2.3,2.3,0,0,0,2.3,2.3H34.5a2.3,2.3,0,0,0,2.3-2.3V28.7A2.3,2.3,0,0,0,34.5,26.4Zm-6,12.87a1.33,1.33,0,0,1-1.21,1.41H23.42a1.33,1.33,0,0,1-1.2-1.41l.72-3.85a3.72,3.72,0,1,1,4.79-.1Z\" ><\/path><path d=\"M17.55,22.2a7.77,7.77,0,0,1,15.54,0v2.89h2V22.2a9.77,9.77,0,0,0-19.54,0V25h2Z\"><\/path><\/g><\/g><\/svg>\t\t\t\t<\/span>\n\t\t\t<\/div>\n\t\t\t\t\t\t<div class=\"elementor-icon-box-content\">\n\t\t\t\t<h3 class=\"elementor-icon-box-title\">\n\t\t\t\t\t<span >security<\/span>\n\t\t\t\t<\/h3>\n\t\t\t\t\t\t\t\t<p class=\"elementor-icon-box-description\">Network users cannot access it without an authentication key. No one has access to your wi-fi without authorization.\n\n\n\n<\/p>\n\t\t\t\t\t\t\t<\/div>\n\t\t<\/div>\n\t\t\t\t<\/div>\n\t\t\t\t<\/div>\n\t\t\t\t\t\t<\/div>\n\t\t\t\t\t<\/div>\n\t\t<\/div>\n\t\t\t\t<div class=\"elementor-column elementor-col-20 elementor-inner-column elementor-element elementor-element-e174915\"   data-id=\"e174915\"   data-element_type=\"column\">\n\t\t\t<div class=\"elementor-column-wrap elementor-element-populated\">\n\t\t\t\t\t\t\t<div class=\"elementor-widget-wrap\">\n\t\t\t\t\t\t<div class=\"elementor-element elementor-element-2bd1924 elementor-view-default elementor-position-top elementor-vertical-align-top elementor-widget elementor-widget-icon-box\"   data-id=\"2bd1924\"   data-element_type=\"widget\"   data-widget_type=\"icon-box.default\">\n\t\t\t\t<div class=\"elementor-widget-container\">\n\t\t\t\t\t<div class=\"elementor-icon-box-wrapper\" >\n\t\t\t\t\t\t<div class=\"elementor-icon-box-icon\">\n\t\t\t\t<span class=\"elementor-icon elementor-animation-\" >\n\t\t\t\t<svg xmlns=\"http:\/\/www.w3.org\/2000\/svg\"   xmlns:xlink=\"http:\/\/www.w3.org\/1999\/xlink\"   id=\"Layer_1\"   x=\"0px\"   y=\"0px\"   viewbox=\"0 0 301.416 301.416\"   style=\"enable-background:new 0 0 301.416 301.416;\" xml:space=\"preserve\">\n<g>\n\t<g>\n\t\t<path d=\"M272.013,239.992C344.29,141.941,275.356,1.036,151.905,0.059c-0.005,0-0.009-0.001-0.014-0.001    c-0.013,0-0.027,0-0.039-0.001c-0.019,0-0.039-0.001-0.057-0.001c-0.014,0-0.029,0-0.043,0c-0.756-0.019-1.522-0.019-2.196,0    c-0.007,0-0.013,0-0.02,0c-0.009,0-0.018,0.001-0.026,0.001c-0.007,0-0.015,0-0.022,0c-0.003,0-0.005,0-0.008,0    C65.826,0.691,0,68.785,0,150.71c0,83.201,67.451,150.664,150.664,150.664c26.765,0,53.515-7.072,77.353-21.367l19.125,19.126    c2.981,2.978,7.826,2.993,10.819-0.001l31.181-31.192c2.988-2.989,2.987-7.832,0-10.818L272.013,239.992z M104.596,23.536    C92.138,37.607,81.843,57.499,74.897,81.86H34.13C50.241,54.704,75.415,34.187,104.596,23.536z M26.319,97.16h44.787    c-3.109,14.681-4.897,30.054-5.331,45.9H15.51C16.385,127.124,20.014,111.736,26.319,97.16z M15.51,158.36h50.266    c0.433,15.847,2.222,31.22,5.331,45.9H26.319C20.014,189.686,16.385,174.298,15.51,158.36z M34.13,219.56h40.766    c6.946,24.359,17.239,44.25,29.69,58.32C75.411,267.229,50.242,246.713,34.13,219.56z M143.014,285.21    c-21.34-4.782-40.88-29.327-52.151-65.65h52.151V285.21z M143.014,204.26H86.782c-3.32-14.596-5.241-29.977-5.703-45.9h61.935    C143.014,181.499,143.014,193.693,143.014,204.26z M143.014,143.06H81.079c0.461-15.923,2.382-31.303,5.702-45.9h56.234V143.06z     M143.014,81.859H90.864c11.264-36.302,30.791-60.842,52.151-65.644V81.859z M275.008,204.26h-7.578l6.595-6.595    c4.162-4.164,2.247-11.279-3.43-12.799l-36.048-9.66c0.505-5.544,0.847-11.17,1.004-16.845h50.267    C284.943,174.295,281.315,189.682,275.008,204.26z M285.818,143.06h-50.265c-0.433-15.847-2.223-31.22-5.331-45.9h44.786    C281.314,111.734,284.943,127.123,285.818,143.06z M267.198,81.86h-40.766c-6.946-24.359-17.239-44.25-29.69-58.32    C225.919,34.19,251.089,54.707,267.198,81.86z M158.314,16.209c21.34,4.782,40.88,29.327,52.151,65.65h-52.151V16.209z     M158.314,97.16h56.233c3.32,14.595,5.242,29.976,5.703,45.9h-61.935V97.16z M220.235,158.36    c-0.126,4.311-0.348,8.596-0.686,12.826l-47.859-12.826H220.235z M158.314,285.204V219.56h0.217l15.616,58.28    C169.022,281.506,163.702,283.986,158.314,285.204z M196.436,278.124c3.309-3.699,6.472-7.813,9.465-12.325l3.955-3.955    l6.979,6.979C210.286,272.501,203.462,275.602,196.436,278.124z M252.551,282.904l-37.286-37.287    c-2.986-2.986-7.83-2.989-10.819-0.001c-10.898,10.898-8.04,8.04-18.211,18.212l-24.751-92.363    c38.489,10.316,81.823,21.928,92.354,24.75l-18.211,18.209c-2.988,2.989-2.988,7.832,0,10.819l37.289,37.289L252.551,282.904z     M267.228,219.56c-1.92,3.245-3.972,6.412-6.159,9.488l-9.213-9.213l0.274-0.275H267.228z\"><\/path>\n\t<\/g>\n<\/g>\n<g>\n<\/g>\n<g>\n<\/g>\n<g>\n<\/g>\n<g>\n<\/g>\n<g>\n<\/g>\n<g>\n<\/g>\n<g>\n<\/g>\n<g>\n<\/g>\n<g>\n<\/g>\n<g>\n<\/g>\n<g>\n<\/g>\n<g>\n<\/g>\n<g>\n<\/g>\n<g>\n<\/g>\n<g>\n<\/g>\n<\/svg>\t\t\t\t<\/span>\n\t\t\t<\/div>\n\t\t\t\t\t\t<div class=\"elementor-icon-box-content\">\n\t\t\t\t<h3 class=\"elementor-icon-box-title\">\n\t\t\t\t\t<span >Accessibility<\/span>\n\t\t\t\t<\/h3>\n\t\t\t\t\t\t\t\t<p class=\"elementor-icon-box-description\">Your customers have the right to internet access thanks to your wi-fi antenna. This will help to boost your customer loyalty and make them come regularly.\n\n\n\n<\/p>\n\t\t\t\t\t\t\t<\/div>\n\t\t<\/div>\n\t\t\t\t<\/div>\n\t\t\t\t<\/div>\n\t\t\t\t\t\t<\/div>\n\t\t\t\t\t<\/div>\n\t\t<\/div>\n\t\t\t\t<div class=\"elementor-column elementor-col-20 elementor-inner-column elementor-element elementor-element-16a1fa3\"   data-id=\"16a1fa3\"   data-element_type=\"column\">\n\t\t\t<div class=\"elementor-column-wrap elementor-element-populated\">\n\t\t\t\t\t\t\t<div class=\"elementor-widget-wrap\" >\n\t\t\t\t\t\t<div class=\"elementor-element elementor-element-26783c1 elementor-view-default elementor-position-top elementor-vertical-align-top elementor-widget elementor-widget-icon-box\"   data-id=\"26783c1\"   data-element_type=\"widget\"   data-widget_type=\"icon-box.default\">\n\t\t\t\t<div class=\"elementor-widget-container\">\n\t\t\t\t\t<div class=\"elementor-icon-box-wrapper\">\n\t\t\t\t\t\t<div class=\"elementor-icon-box-icon\">\n\t\t\t\t<span class=\"elementor-icon elementor-animation-\" >\n\t\t\t\t<svg xmlns=\"http:\/\/www.w3.org\/2000\/svg\"  viewbox=\"0 0 77.04 70.24\"><g id=\"Layer_2\"  data-name=\"Layer 2\"><g id=\"Layer_1-2\"  data-name=\"Layer 1\"><path d=\"M69.92,64.67l-5.26,5.57-6.81-8.87-28.95-29-1.18,1.18a3.24,3.24,0,0,1-4.59,0L1,11.33A3.24,3.24,0,0,1,1,6.74L6.34,1.35a3.24,3.24,0,0,1,4.59,0L33.11,23.53a3.24,3.24,0,0,1,0,4.59L32,29.25,60.32,58.07Z\"><\/path><path d=\"M77,10.67A10.67,10.67,0,0,1,66.37,21.34a10.49,10.49,0,0,1-3.19-.49L27.77,56.34a10.51,10.51,0,0,1,.5,3.24A10.66,10.66,0,0,1,17.6,70.24a10.4,10.4,0,0,1-2-.18l7.77-8.25-8.1-7.63L7.37,62.61a10.47,10.47,0,0,1-.44-3A10.67,10.67,0,0,1,17.6,48.91a10.48,10.48,0,0,1,2.93.41L56.1,13.54a10.47,10.47,0,0,1-.4-2.87A10.67,10.67,0,0,1,66.37,0a10.34,10.34,0,0,1,2.38.27l-8.1,8.59,8.1,7.63,8-8.45A10.36,10.36,0,0,1,77,10.67Z\" ><\/path><\/g><\/g><\/svg>\t\t\t\t<\/span>\n\t\t\t<\/div>\n\t\t\t\t\t\t<div class=\"elementor-icon-box-content\">\n\t\t\t\t<h3 class=\"elementor-icon-box-title\">\n\t\t\t\t\t<span >Installation<\/span>\n\t\t\t\t<\/h3>\n\t\t\t\t\t\t\t\t<p class=\"elementor-icon-box-description\">En tant qu'int\u00e9grateur, HiLink s'occupe du raccordement et de l'installation de votre solution.<\/p>\n\t\t\t\t\t\t\t<\/div>\n\t\t<\/div>\n\t\t\t\t<\/div>\n\t\t\t\t<\/div>\n\t\t\t\t\t\t<\/div>\n\t\t\t\t\t<\/div>\n\t\t<\/div>\n\t\t\t\t\t\t\t\t<\/div>\n\t\t\t\t\t<\/div>\n\t\t<\/section>\n\t\t\t\t\t\t<\/div>\n\t\t\t\t\t<\/div>\n\t\t<\/div>\n\t\t\t\t\t\t\t\t<\/div>\n\t\t\t\t\t<\/div>\n\t\t<\/section>\n\t\t\t\t<section class=\"elementor-section elementor-top-section elementor-element elementor-element-e10ac81 elementor-section-boxed elementor-section-height-default elementor-section-height-default\"   data-id=\"e10ac81\"   data-element_type=\"section\">\n\t\t\t\t\t\t<div class=\"elementor-container elementor-column-gap-default\">\n\t\t\t\t\t\t\t<div class=\"elementor-row\">\n\t\t\t\t\t<div class=\"elementor-column elementor-col-100 elementor-top-column elementor-element elementor-element-c7baa60\"   data-id=\"c7baa60\"  data-element_type=\"column\">\n\t\t\t<div class=\"elementor-column-wrap elementor-element-populated\">\n\t\t\t\t\t\t\t<div class=\"elementor-widget-wrap\">\n\t\t\t\t\t\t<div class=\"elementor-element elementor-element-1595d06 elementor-align-center elementor-widget elementor-widget-button\"   data-id=\"1595d06\"   data-element_type=\"widget\"   data-widget_type=\"button.default\">\n\t\t\t\t<div class=\"elementor-widget-container\">\n\t\t\t\t\t<div class=\"elementor-button-wrapper\">\n\t\t\t<a href=\"https:\/\/hilink.be\/en\/contact\/\"   target=\"_blank\"   class=\"elementor-button-link elementor-button elementor-size-md\"  role=\"button\">\n\t\t\t\t\t\t<span class=\"elementor-button-content-wrapper\">\n\t\t\t\t\t\t<span class=\"elementor-button-icon elementor-align-icon-left\">\n\t\t\t\t<i aria-hidden=\"true\"  class=\"far fa-paper-plane\"><\/i>\t\t\t<\/span>\n\t\t\t\t\t\t<span class=\"elementor-button-text\">Make an appointment<\/span>\n\t\t<\/span>\n\t\t\t\t\t<\/a>\n\t\t<\/div>\n\t\t\t\t<\/div>\n\t\t\t\t<\/div>\n\t\t\t\t\t\t<\/div>\n\t\t\t\t\t<\/div>\n\t\t<\/div>\n\t\t\t\t\t\t\t\t<\/div>\n\t\t\t\t\t<\/div>\n\t\t<\/section>\n\t\t\t\t\t\t<\/div>\n\t\t\t\t\t\t<\/div>\n\t\t\t\t\t<\/div>","protected":false},"excerpt":{"rendered":"<p>Wi-Fi La connexion sans fil est l\u2019avenir de la technologie. Les r\u00e9seaux wi-fi deviennent de plus en plus rapides et fiables. \u00c9quipez-vous au mieux pour permettre \u00e0 votre \u00e9quipe d\u2019utiliser les \u00e9quipement connect\u00e9s qui sont, aujourd\u2019hui, incontournables. Nous vous garantissons une connectivit\u00e9 ais\u00e9e, disponible partout dans vos espaces de travail et compatible avec tous vos [&hellip;]<\/p>","protected":false},"author":4,"featured_media":0,"parent":0,"menu_order":0,"comment_status":"closed","ping_status":"closed","template":"elementor_header_footer","meta":[],"_links":{"self":[{"href":"https:\/\/hilink.be\/en\/wp-json\/wp\/v2\/pages\/736"}],"collection":[{"href":"https:\/\/hilink.be\/en\/wp-json\/wp\/v2\/pages"}],"about":[{"href":"https:\/\/hilink.be\/en\/wp-json\/wp\/v2\/types\/page"}],"author":[{"embeddable":true,"href":"https:\/\/hilink.be\/en\/wp-json\/wp\/v2\/users\/4"}],"replies":[{"embeddable":true,"href":"https:\/\/hilink.be\/en\/wp-json\/wp\/v2\/comments?post=736"}],"version-history":[{"count":46,"href":"https:\/\/hilink.be\/en\/wp-json\/wp\/v2\/pages\/736\/revisions"}],"predecessor-version":[{"id":4041,"href":"https:\/\/hilink.be\/en\/wp-json\/wp\/v2\/pages\/736\/revisions\/4041"}],"wp:attachment":[{"href":"https:\/\/hilink.be\/en\/wp-json\/wp\/v2\/media?parent=736"}],"curies":[{"name":"wp","href":"https:\/\/api.w.org\/{rel}","templated":true}]}}