{"id":765,"date":"2021-03-24T08:11:31","date_gmt":"2021-03-24T08:11:31","guid":{"rendered":"https:\/\/hilink.be\/?page_id=765"},"modified":"2021-06-29T07:25:56","modified_gmt":"2021-06-29T07:25:56","slug":"payment-terminals","status":"publish","type":"page","link":"https:\/\/hilink.be\/fr\/payment-terminals\/","title":{"rendered":"Payment terminals"},"content":{"rendered":"\t\t<div data-elementor-type=\"wp-page\"  data-elementor-id=\"765\"  class=\"elementor elementor-765\"  data-elementor-settings=\"[]\">\n\t\t\t\t\t\t<div class=\"elementor-inner\">\n\t\t\t\t\t\t\t<div class=\"elementor-section-wrap\">\n\t\t\t\t\t\t\t<section class=\"elementor-section elementor-top-section elementor-element elementor-element-804afab elementor-section-height-min-height elementor-section-boxed elementor-section-height-default elementor-section-items-middle\"  data-id=\"804afab\"  data-element_type=\"section\"  data-settings=\"{&quot;background_background&quot;:&quot;classic&quot;,&quot;shape_divider_bottom&quot;:&quot;waves&quot;}\">\n\t\t\t\t\t<div class=\"elementor-shape elementor-shape-bottom\" data-negative=\"false\">\n\t\t\t<svg xmlns=\"http:\/\/www.w3.org\/2000\/svg\"  viewBox=\"0 0 1000 100\" preserveAspectRatio=\"none\">\n\t<path class=\"elementor-shape-fill\"  d=\"M421.9,6.5c22.6-2.5,51.5,0.4,75.5,5.3c23.6,4.9,70.9,23.5,100.5,35.7c75.8,32.2,133.7,44.5,192.6,49.7\n\tc23.6,2.1,48.7,3.5,103.4-2.5c54.7-6,106.2-25.6,106.2-25.6V0H0v30.3c0,0,72,32.6,158.4,30.5c39.2-0.7,92.8-6.7,134-22.4\n\tc21.2-8.1,52.2-18.2,79.7-24.2C399.3,7.9,411.6,7.5,421.9,6.5z\"\/>\n<\/svg>\t\t<\/div>\n\t\t\t\t\t<div class=\"elementor-container elementor-column-gap-default\">\n\t\t\t\t\t\t\t<div class=\"elementor-row\">\n\t\t\t\t\t<div class=\"elementor-column elementor-col-100 elementor-top-column elementor-element elementor-element-8859ff6\"  data-id=\"8859ff6\"  data-element_type=\"column\">\n\t\t\t<div class=\"elementor-column-wrap\">\n\t\t\t\t\t\t\t<div class=\"elementor-widget-wrap\">\n\t\t\t\t\t\t\t\t<\/div>\n\t\t\t\t\t<\/div>\n\t\t<\/div>\n\t\t\t\t\t\t\t\t<\/div>\n\t\t\t\t\t<\/div>\n\t\t<\/section>\n\t\t\t\t<section class=\"elementor-section elementor-top-section elementor-element elementor-element-92f2320 elementor-section-boxed elementor-section-height-default elementor-section-height-default\"  data-id=\"92f2320\"  data-element_type=\"section\">\n\t\t\t\t\t\t<div class=\"elementor-container elementor-column-gap-default\">\n\t\t\t\t\t\t\t<div class=\"elementor-row\">\n\t\t\t\t\t<div class=\"elementor-column elementor-col-100 elementor-top-column elementor-element elementor-element-caa7f4b\"  data-id=\"caa7f4b\" data-element_type=\"column\">\n\t\t\t<div class=\"elementor-column-wrap elementor-element-populated\">\n\t\t\t\t\t\t\t<div class=\"elementor-widget-wrap\">\n\t\t\t\t\t\t<div class=\"elementor-element elementor-element-fae2634 elementor-widget elementor-widget-spacer\"  data-id=\"fae2634\"  data-element_type=\"widget\"  data-widget_type=\"spacer.default\">\n\t\t\t\t<div class=\"elementor-widget-container\">\n\t\t\t\t\t<div class=\"elementor-spacer\">\n\t\t\t<div class=\"elementor-spacer-inner\"><\/div>\n\t\t<\/div>\n\t\t\t\t<\/div>\n\t\t\t\t<\/div>\n\t\t\t\t<div class=\"elementor-element elementor-element-1773504 elementor-widget elementor-widget-heading\"  data-id=\"1773504\"  data-element_type=\"widget\"  data-widget_type=\"heading.default\">\n\t\t\t\t<div class=\"elementor-widget-container\">\n\t\t\t<h2 class=\"elementor-heading-title elementor-size-default\">Terminaux de paiement\n<\/h2>\t\t<\/div>\n\t\t\t\t<\/div>\n\t\t\t\t\t\t<\/div>\n\t\t\t\t\t<\/div>\n\t\t<\/div>\n\t\t\t\t\t\t\t\t<\/div>\n\t\t\t\t\t<\/div>\n\t\t<\/section>\n\t\t\t\t<section class=\"elementor-section elementor-top-section elementor-element elementor-element-f80d3e1 elementor-section-boxed elementor-section-height-default elementor-section-height-default\"  data-id=\"f80d3e1\"  data-element_type=\"section\">\n\t\t\t\t\t\t<div class=\"elementor-container elementor-column-gap-default\">\n\t\t\t\t\t\t\t<div class=\"elementor-row\">\n\t\t\t\t\t<div class=\"elementor-column elementor-col-100 elementor-top-column elementor-element elementor-element-acc8a96\"  data-id=\"acc8a96\" data-element_type=\"column\">\n\t\t\t<div class=\"elementor-column-wrap elementor-element-populated\">\n\t\t\t\t\t\t\t<div class=\"elementor-widget-wrap\">\n\t\t\t\t\t\t<div class=\"elementor-element elementor-element-c44fe92 elementor-widget elementor-widget-heading\"  data-id=\"c44fe92\"  data-element_type=\"widget\"  data-widget_type=\"heading.default\">\n\t\t\t\t<div class=\"elementor-widget-container\">\n\t\t\t<h2 class=\"elementor-heading-title elementor-size-default\">La transaction instantan\u00e9e et sans contact est d\u00e9sormais disponible chez HiLink.\n\n\n\n<\/h2>\t\t<\/div>\n\t\t\t\t<\/div>\n\t\t\t\t<div class=\"elementor-element elementor-element-04e2c0d elementor-widget elementor-widget-heading\"  data-id=\"04e2c0d\"  data-element_type=\"widget\"  data-widget_type=\"heading.default\">\n\t\t\t\t<div class=\"elementor-widget-container\">\n\t\t\t<h2 class=\"elementor-heading-title elementor-size-default\">Chaque jour, vous effectuez des transactions entrantes et sortantes, avec notre nouveau terminal de paiement nous vous permettons de recevoir directement votre argent et de pouvoir l\u2019utiliser pour vos frais d\u2019entreprise.\n\n\n<\/h2>\t\t<\/div>\n\t\t\t\t<\/div>\n\t\t\t\t<div class=\"elementor-element elementor-element-a9935ad elementor-widget elementor-widget-heading\"  data-id=\"a9935ad\"  data-element_type=\"widget\"  data-widget_type=\"heading.default\">\n\t\t\t\t<div class=\"elementor-widget-container\">\n\t\t\t<h2 class=\"elementor-heading-title elementor-size-default\">N\u2019attendez plus avant de voir l\u2019argent s\u2019afficher sur votre compte.\n\n\n\n\n<\/h2>\t\t<\/div>\n\t\t\t\t<\/div>\n\t\t\t\t<div class=\"elementor-element elementor-element-80c9a65 elementor-widget elementor-widget-heading\"  data-id=\"80c9a65\"  data-element_type=\"widget\"  data-widget_type=\"heading.default\">\n\t\t\t\t<div class=\"elementor-widget-container\">\n\t\t\t<h2 class=\"elementor-heading-title elementor-size-default\">Observez simplement votre chiffre d\u2019affaires augmenter et planifiez d\u00e9j\u00e0 vos futures d\u00e9penses pour optimiser l\u2019efficacit\u00e9 de votre soci\u00e9t\u00e9.\n\n\n\n\n\n<\/h2>\t\t<\/div>\n\t\t\t\t<\/div>\n\t\t\t\t<div class=\"elementor-element elementor-element-1826e46 elementor-widget elementor-widget-heading\"  data-id=\"1826e46\"  data-element_type=\"widget\"  data-widget_type=\"heading.default\">\n\t\t\t\t<div class=\"elementor-widget-container\">\n\t\t\t<h2 class=\"elementor-heading-title elementor-size-default\">Il n\u2019est jamais trop tard pour faire une mise \u00e0 jour qui vous permettra de fid\u00e9liser vos clients et de faciliter votre quotidien au travail.\n\n\n\n<\/h2>\t\t<\/div>\n\t\t\t\t<\/div>\n\t\t\t\t\t\t<\/div>\n\t\t\t\t\t<\/div>\n\t\t<\/div>\n\t\t\t\t\t\t\t\t<\/div>\n\t\t\t\t\t<\/div>\n\t\t<\/section>\n\t\t\t\t<section class=\"elementor-section elementor-top-section elementor-element elementor-element-82b7e26 elementor-section-boxed elementor-section-height-default elementor-section-height-default\"  data-id=\"82b7e26\"  data-element_type=\"section\">\n\t\t\t\t\t\t<div class=\"elementor-container elementor-column-gap-default\">\n\t\t\t\t\t\t\t<div class=\"elementor-row\">\n\t\t\t\t\t<div class=\"elementor-column elementor-col-100 elementor-top-column elementor-element elementor-element-5b4abce\"  data-id=\"5b4abce\" data-element_type=\"column\">\n\t\t\t<div class=\"elementor-column-wrap elementor-element-populated\">\n\t\t\t\t\t\t\t<div class=\"elementor-widget-wrap\">\n\t\t\t\t\t\t<section class=\"elementor-section elementor-inner-section elementor-element elementor-element-138a2b9 elementor-section-boxed elementor-section-height-default elementor-section-height-default\"  data-id=\"138a2b9\"  data-element_type=\"section\">\n\t\t\t\t\t\t<div class=\"elementor-container elementor-column-gap-default\">\n\t\t\t\t\t\t\t<div class=\"elementor-row\">\n\t\t\t\t\t<div class=\"elementor-column elementor-col-33 elementor-inner-column elementor-element elementor-element-3ebb86e\"  data-id=\"3ebb86e\"  data-element_type=\"column\">\n\t\t\t<div class=\"elementor-column-wrap elementor-element-populated\">\n\t\t\t\t\t\t\t<div class=\"elementor-widget-wrap\">\n\t\t\t\t\t\t<div class=\"elementor-element elementor-element-5b42dce elementor-view-default elementor-position-top elementor-vertical-align-top elementor-widget elementor-widget-icon-box\"  data-id=\"5b42dce\"  data-element_type=\"widget\"  data-widget_type=\"icon-box.default\">\n\t\t\t\t<div class=\"elementor-widget-container\">\n\t\t\t\t\t<div class=\"elementor-icon-box-wrapper\">\n\t\t\t\t\t\t<div class=\"elementor-icon-box-icon\">\n\t\t\t\t<span class=\"elementor-icon elementor-animation-\" >\n\t\t\t\t<svg xmlns=\"http:\/\/www.w3.org\/2000\/svg\"  viewBox=\"0 0 57.84 75.39\"><defs><style>.cls-1{stroke:red;stroke-miterlimit:10;stroke-width:0.27px;}<\/style><\/defs><g id=\"Layer_2\"  data-name=\"Layer 2\"><g id=\"Layer_1-2\"  data-name=\"Layer 1\"><path d=\"M15.33,24.48h7.85V22.61H16.26A4,4,0,0,1,15.33,24.48Z\"><\/path><path d=\"M22.92,6.92A3.82,3.82,0,0,0,26.73,3.1V0H24.81V3.25a2,2,0,0,1-1.91,2H6.81a2,2,0,0,1-1.92-2V0H3V3.1A3.82,3.82,0,0,0,6.78,6.92h0a3.58,3.58,0,0,0,.35,1.26h0s0,0,0,0a7,7,0,0,0,.74,1.4A8.83,8.83,0,0,0,3.7,17.2v18a4.86,4.86,0,0,0,.07.8,2.85,2.85,0,0,0,1,1.7,3.18,3.18,0,0,0,2,.67,2.85,2.85,0,0,0,.5,0,3.13,3.13,0,0,0,2.37-1A3.38,3.38,0,0,0,10.44,35V29.58c0-2.23.23-3.42,1.91-4.12,3-1.24,3-4.58,3-4.72l-2,0a3.32,3.32,0,0,1-1.8,2.89C8.34,25,8.4,27.88,8.44,29.6v5.47a1.43,1.43,0,0,1-.29,1,1.31,1.31,0,0,1-1,.31l-.18,0a1.43,1.43,0,0,1-1-.19,1.22,1.22,0,0,1-.3-1H5.64V17.48a7.3,7.3,0,0,1,7.3-7.3h7.54a3.71,3.71,0,0,1,3.71,3.71V24h1.94V13.39a5.07,5.07,0,0,0-3.76-4.9,3.68,3.68,0,0,0,.51-1.57ZM20.31,8.19H9.41a1.93,1.93,0,0,1-.66-1.27H21A2,2,0,0,1,20.31,8.19Z\" ><\/path><path d=\"M42.43,50.91H34.58v1.87H41.5A3.9,3.9,0,0,1,42.43,50.91Z\"><\/path><path d=\"M34.84,68.47A3.81,3.81,0,0,0,31,72.29v3.1H33V72.14a2,2,0,0,1,1.91-2H51a2,2,0,0,1,1.92,2v3.25H54.8v-3.1A3.81,3.81,0,0,0,51,68.47h0a3.58,3.58,0,0,0-.35-1.26h0v0s0,0,0,0a7,7,0,0,0-.74-1.41,8.8,8.8,0,0,0,4.24-7.56v-18a4.74,4.74,0,0,0-.07-.79,2.88,2.88,0,0,0-1-1.71A3.22,3.22,0,0,0,51,37a4.92,4.92,0,0,0-.5,0,3.17,3.17,0,0,0-2.37,1,3.38,3.38,0,0,0-.82,2.37V45.8c0,2.24-.23,3.43-1.91,4.12-3,1.25-3,4.59-3,4.73l2,0a3.32,3.32,0,0,1,1.8-2.89c3.25-1.36,3.19-4.27,3.15-6V40.31a1.46,1.46,0,0,1,.29-1,1.35,1.35,0,0,1,1-.31h.18a1.38,1.38,0,0,1,1,.19,1.21,1.21,0,0,1,.3,1h.06V57.91a7.31,7.31,0,0,1-7.3,7.3H37.28a3.72,3.72,0,0,1-3.71-3.72V51.36H31.63V62a5.07,5.07,0,0,0,3.76,4.91,3.64,3.64,0,0,0-.51,1.57Zm2.61-1.27h10.9A1.93,1.93,0,0,1,49,68.47H36.79A2,2,0,0,1,37.45,67.2Z\"><\/path><path d=\"M3.7,35.2V36h.07A4.86,4.86,0,0,1,3.7,35.2Z\"><\/path><path class=\"cls-1\"  d=\"M7.18,8.18h0Z\"><\/path><path d=\"M55.84,22.61H27.17V24.8H55.84V50.6h-.73v1.87h1.4a1.34,1.34,0,0,0,1.33-1.34V24a1.43,1.43,0,0,0-1.43-1.43Z\"><\/path><path d=\"M2,52.47H30.67V50.28H2V24.48h.73V22.61H1.33A1.34,1.34,0,0,0,0,23.94V51a1.43,1.43,0,0,0,1.43,1.43Z\"><\/path><path d=\"M28.84,49.77C23,49.77,18.3,44.26,18.3,37.49S23,25.21,28.84,25.21s10.54,5.51,10.54,12.28S34.65,49.77,28.84,49.77Zm0-23.07c-5,0-9.06,4.84-9.06,10.79s4.07,10.8,9.06,10.8,9.06-4.85,9.06-10.8S33.83,26.7,28.84,26.7Z\"><\/path><path d=\"M53.55,31.43v5.69l-1.5-1.49V32s-3.64-1.41-4.28-4.34H11.68a4.42,4.42,0,0,0,2.49-2.16h35s.36,4,3.79,5A.93.93,0,0,1,53.55,31.43Z\"><\/path><path d=\"M3.86,43.53V37.84l1.5,1.49V43S9,44.36,9.64,47.29H45.73a4.42,4.42,0,0,0-2.49,2.16h-35s-.36-4-3.79-5A.93.93,0,0,1,3.86,43.53Z\"><\/path><path d=\"M28.38,45.46v-2a5.63,5.63,0,0,1-3-.86l.47-1.3a5.15,5.15,0,0,0,2.79.84c1.38,0,2.31-.8,2.31-1.9s-.76-1.73-2.19-2.31c-2-.78-3.2-1.67-3.2-3.35a3.18,3.18,0,0,1,2.93-3.13v-2h1.2v1.88a5.18,5.18,0,0,1,2.52.68l-.48,1.28a4.75,4.75,0,0,0-2.45-.66c-1.49,0-2,.9-2,1.67,0,1,.71,1.51,2.4,2.21,2,.82,3,1.83,3,3.55a3.38,3.38,0,0,1-3.07,3.3v2Z\"><\/path><\/g><\/g><\/svg>\t\t\t\t<\/span>\n\t\t\t<\/div>\n\t\t\t\t\t\t<div class=\"elementor-icon-box-content\">\n\t\t\t\t<h3 class=\"elementor-icon-box-title\">\n\t\t\t\t\t<span >Transaction imm\u00e9diate<\/span>\n\t\t\t\t<\/h3>\n\t\t\t\t\t\t\t\t<p class=\"elementor-icon-box-description\">Vous percevez directement votre argent, \u00e0 la minute pr\u00e8s.\n\n<\/p>\n\t\t\t\t\t\t\t<\/div>\n\t\t<\/div>\n\t\t\t\t<\/div>\n\t\t\t\t<\/div>\n\t\t\t\t\t\t<\/div>\n\t\t\t\t\t<\/div>\n\t\t<\/div>\n\t\t\t\t<div class=\"elementor-column elementor-col-33 elementor-inner-column elementor-element elementor-element-9ac72e3\"  data-id=\"9ac72e3\"  data-element_type=\"column\">\n\t\t\t<div class=\"elementor-column-wrap elementor-element-populated\">\n\t\t\t\t\t\t\t<div class=\"elementor-widget-wrap\">\n\t\t\t\t\t\t<div class=\"elementor-element elementor-element-24a6c3a elementor-view-default elementor-position-top elementor-vertical-align-top elementor-widget elementor-widget-icon-box\"  data-id=\"24a6c3a\"  data-element_type=\"widget\"  data-widget_type=\"icon-box.default\">\n\t\t\t\t<div class=\"elementor-widget-container\">\n\t\t\t\t\t<div class=\"elementor-icon-box-wrapper\">\n\t\t\t\t\t\t<div class=\"elementor-icon-box-icon\">\n\t\t\t\t<span class=\"elementor-icon elementor-animation-\" >\n\t\t\t\t<i aria-hidden=\"true\"  class=\"fas fa-qrcode\"><\/i>\t\t\t\t<\/span>\n\t\t\t<\/div>\n\t\t\t\t\t\t<div class=\"elementor-icon-box-content\">\n\t\t\t\t<h3 class=\"elementor-icon-box-title\">\n\t\t\t\t\t<span >Flexibilit\u00e9<\/span>\n\t\t\t\t<\/h3>\n\t\t\t\t\t\t\t\t<p class=\"elementor-icon-box-description\">Vous pouvez encaisser l\u2019argent de vos clients sous n\u2019importe quelle forme : avec carte, sans contact ou avec un QR Code.\n\n<\/p>\n\t\t\t\t\t\t\t<\/div>\n\t\t<\/div>\n\t\t\t\t<\/div>\n\t\t\t\t<\/div>\n\t\t\t\t\t\t<\/div>\n\t\t\t\t\t<\/div>\n\t\t<\/div>\n\t\t\t\t<div class=\"elementor-column elementor-col-33 elementor-inner-column elementor-element elementor-element-3707631\"  data-id=\"3707631\"  data-element_type=\"column\">\n\t\t\t<div class=\"elementor-column-wrap elementor-element-populated\">\n\t\t\t\t\t\t\t<div class=\"elementor-widget-wrap\">\n\t\t\t\t\t\t<div class=\"elementor-element elementor-element-9a34791 elementor-view-default elementor-position-top elementor-vertical-align-top elementor-widget elementor-widget-icon-box\"  data-id=\"9a34791\"  data-element_type=\"widget\"  data-widget_type=\"icon-box.default\">\n\t\t\t\t<div class=\"elementor-widget-container\">\n\t\t\t\t\t<div class=\"elementor-icon-box-wrapper\">\n\t\t\t\t\t\t<div class=\"elementor-icon-box-icon\">\n\t\t\t\t<span class=\"elementor-icon elementor-animation-\" >\n\t\t\t\t<svg xmlns=\"http:\/\/www.w3.org\/2000\/svg\"  viewBox=\"0 0 87.99 88.74\"><g id=\"Layer_2\"  data-name=\"Layer 2\"><g id=\"Layer_1-2\"  data-name=\"Layer 1\"><path d=\"M32.15,3.6C16.41,3.6,3.6,16.67,3.6,32.73S16.41,61.86,32.15,61.86,60.71,48.79,60.71,32.73,47.9,3.6,32.15,3.6Zm0,57.29c-15.21,0-27.58-12.63-27.58-28.16S16.94,4.57,32.15,4.57,59.74,17.2,59.74,32.73,47.36,60.89,32.15,60.89Z\"><\/path><path d=\"M85.68,77,62.4,55.9a2,2,0,0,0-2.77.11L58,57.71l-2.57-2.46a32.92,32.92,0,0,0,8.86-22.52C64.31,14.68,49.88,0,32.15,0S0,14.68,0,32.73,14.42,65.46,32.15,65.46A31.81,31.81,0,0,0,54.78,56l2.58,2.45-2,2.12h0a2,2,0,0,0,0,2.68L76.71,87.16l.09.08a7.66,7.66,0,0,0,4.33,1.5,7.81,7.81,0,0,0,5.41-2.53l.08-.09C87.94,84,89.27,80.67,85.68,77ZM32.15,64.49C15,64.49,1,50.24,1,32.73S15,1,32.15,1,63.34,15.22,63.34,32.73,49.35,64.49,32.15,64.49ZM85.83,85.56c-2.74,2.6-5.5,2.9-8.44.91L56,62.56a1,1,0,0,1,0-1.37l4.27-4.52a1,1,0,0,1,1.42-.05L85,77.67C87.42,80.15,87.67,82.51,85.83,85.56Z\" ><\/path><path d=\"M41.33,20.73a2.65,2.65,0,0,0-2.65,2.65V44.66a2.65,2.65,0,0,0,2.65,2.64h3.84a2.64,2.64,0,0,0,2.64-2.64V23.38a2.65,2.65,0,0,0-2.64-2.65Zm5.48,2.65V44.66a1.64,1.64,0,0,1-1.64,1.64H41.33a1.65,1.65,0,0,1-1.65-1.64V23.38a1.65,1.65,0,0,1,1.65-1.65h3.84A1.64,1.64,0,0,1,46.81,23.38Z\"><\/path><path d=\"M18.55,24.41A2.61,2.61,0,0,0,15.94,27V44.66a2.62,2.62,0,0,0,2.61,2.61h3.84A2.62,2.62,0,0,0,25,44.66V27a2.61,2.61,0,0,0-2.61-2.61ZM24.08,27V44.66a1.69,1.69,0,0,1-1.69,1.68H18.55a1.68,1.68,0,0,1-1.68-1.68V27a1.68,1.68,0,0,1,1.68-1.68h3.84A1.69,1.69,0,0,1,24.08,27Z\"><\/path><path d=\"M29.68,28.75a2.57,2.57,0,0,0-2.56,2.57V44.66a2.56,2.56,0,0,0,2.56,2.56h3.84a2.56,2.56,0,0,0,2.56-2.56V31.32a2.57,2.57,0,0,0-2.56-2.57Zm5.57,2.57V44.66a1.74,1.74,0,0,1-1.73,1.73H29.68A1.74,1.74,0,0,1,28,44.66V31.32a1.74,1.74,0,0,1,1.73-1.74h3.84A1.74,1.74,0,0,1,35.25,31.32Z\"><\/path><path d=\"M14.32,22.75a.43.43,0,0,0,.22-.06l3.54-2.17a2.9,2.9,0,0,0,2.39,1.25,2.94,2.94,0,0,0,2.65-1.67l5.44,2.31c0,.13,0,.25,0,.38a2.95,2.95,0,0,0,5.89,0,2.83,2.83,0,0,0-.18-1l6.62-4.24a2.91,2.91,0,0,0,2.19,1,2.94,2.94,0,0,0,2.64-1.66l3.21,1.44a.51.51,0,0,0,.17,0,.41.41,0,0,0,.17-.79l-3.3-1.48a2.63,2.63,0,0,0,.05-.49,2.95,2.95,0,1,0-5.6,1.26l-6.53,4.19a2.93,2.93,0,0,0-5.08.52l-5.41-2.29a2.63,2.63,0,0,0,.05-.49,2.95,2.95,0,0,0-5.89,0,3,3,0,0,0,.17,1L14.11,22a.41.41,0,0,0-.14.57A.42.42,0,0,0,14.32,22.75Zm28.73-9.23a2.12,2.12,0,1,1-1.76,3.29h0a2.08,2.08,0,0,1-.36-1.18A2.12,2.12,0,0,1,43.05,13.52ZM31.47,20.67a2.12,2.12,0,1,1-2.11,2.12A2.12,2.12,0,0,1,31.47,20.67Zm-11-4a2.12,2.12,0,1,1-2.11,2.11A2.12,2.12,0,0,1,20.47,16.71Z\"><\/path><path d=\"M50,49.55H14a.5.5,0,0,0-.5.5.5.5,0,0,0,.5.5H50a.5.5,0,0,0,.5-.5A.5.5,0,0,0,50,49.55Z\"><\/path><\/g><\/g><\/svg>\t\t\t\t<\/span>\n\t\t\t<\/div>\n\t\t\t\t\t\t<div class=\"elementor-icon-box-content\">\n\t\t\t\t<h3 class=\"elementor-icon-box-title\">\n\t\t\t\t\t<span >Transparence<\/span>\n\t\t\t\t<\/h3>\n\t\t\t\t\t\t\t\t<p class=\"elementor-icon-box-description\">Vous avez acc\u00e8s au d\u00e9tail du sch\u00e9ma de paiement sur chaque transaction.<\/p>\n\t\t\t\t\t\t\t<\/div>\n\t\t<\/div>\n\t\t\t\t<\/div>\n\t\t\t\t<\/div>\n\t\t\t\t\t\t<\/div>\n\t\t\t\t\t<\/div>\n\t\t<\/div>\n\t\t\t\t\t\t\t\t<\/div>\n\t\t\t\t\t<\/div>\n\t\t<\/section>\n\t\t\t\t\t\t<\/div>\n\t\t\t\t\t<\/div>\n\t\t<\/div>\n\t\t\t\t\t\t\t\t<\/div>\n\t\t\t\t\t<\/div>\n\t\t<\/section>\n\t\t\t\t<section class=\"elementor-section elementor-top-section elementor-element elementor-element-037aeb5 elementor-section-boxed elementor-section-height-default elementor-section-height-default\"  data-id=\"037aeb5\"  data-element_type=\"section\">\n\t\t\t\t\t\t<div class=\"elementor-container elementor-column-gap-default\">\n\t\t\t\t\t\t\t<div class=\"elementor-row\">\n\t\t\t\t\t<div class=\"elementor-column elementor-col-100 elementor-top-column elementor-element elementor-element-0969a65\"  data-id=\"0969a65\"  data-element_type=\"column\">\n\t\t\t<div class=\"elementor-column-wrap elementor-element-populated\">\n\t\t\t\t\t\t\t<div class=\"elementor-widget-wrap\">\n\t\t\t\t\t\t<div class=\"elementor-element elementor-element-750070f elementor-align-center elementor-widget elementor-widget-button\"  data-id=\"750070f\"  data-element_type=\"widget\"  data-widget_type=\"button.default\">\n\t\t\t\t<div class=\"elementor-widget-container\">\n\t\t\t\t\t<div class=\"elementor-button-wrapper\">\n\t\t\t<a href=\"https:\/\/hilink.be\/contact\/\"  target=\"_blank\"  class=\"elementor-button-link elementor-button elementor-size-md\"  role=\"button\">\n\t\t\t\t\t\t<span class=\"elementor-button-content-wrapper\">\n\t\t\t\t\t\t<span class=\"elementor-button-icon elementor-align-icon-left\">\n\t\t\t\t<i aria-hidden=\"true\" class=\"far fa-paper-plane\"><\/i>\t\t\t<\/span>\n\t\t\t\t\t\t<span class=\"elementor-button-text\">Prise de RDV<\/span>\n\t\t<\/span>\n\t\t\t\t\t<\/a>\n\t\t<\/div>\n\t\t\t\t<\/div>\n\t\t\t\t<\/div>\n\t\t\t\t\t\t<\/div>\n\t\t\t\t\t<\/div>\n\t\t<\/div>\n\t\t\t\t\t\t\t\t<\/div>\n\t\t\t\t\t<\/div>\n\t\t<\/section>\n\t\t\t\t\t\t<\/div>\n\t\t\t\t\t\t<\/div>\n\t\t\t\t\t<\/div>\n\t\t","protected":false},"excerpt":{"rendered":"<p>Terminaux de paiement La transaction instantan\u00e9e et sans contact est d\u00e9sormais disponible chez HiLink. Chaque jour, vous effectuez des transactions entrantes et sortantes, avec notre nouveau terminal de paiement nous vous permettons de recevoir directement votre argent et de pouvoir l\u2019utiliser pour vos frais d\u2019entreprise. N\u2019attendez plus avant de voir l\u2019argent s\u2019afficher sur votre compte. [&hellip;]<\/p>\n","protected":false},"author":4,"featured_media":0,"parent":0,"menu_order":0,"comment_status":"closed","ping_status":"closed","template":"elementor_header_footer","meta":[],"_links":{"self":[{"href":"https:\/\/hilink.be\/fr\/wp-json\/wp\/v2\/pages\/765"}],"collection":[{"href":"https:\/\/hilink.be\/fr\/wp-json\/wp\/v2\/pages"}],"about":[{"href":"https:\/\/hilink.be\/fr\/wp-json\/wp\/v2\/types\/page"}],"author":[{"embeddable":true,"href":"https:\/\/hilink.be\/fr\/wp-json\/wp\/v2\/users\/4"}],"replies":[{"embeddable":true,"href":"https:\/\/hilink.be\/fr\/wp-json\/wp\/v2\/comments?post=765"}],"version-history":[{"count":31,"href":"https:\/\/hilink.be\/fr\/wp-json\/wp\/v2\/pages\/765\/revisions"}],"predecessor-version":[{"id":3597,"href":"https:\/\/hilink.be\/fr\/wp-json\/wp\/v2\/pages\/765\/revisions\/3597"}],"wp:attachment":[{"href":"https:\/\/hilink.be\/fr\/wp-json\/wp\/v2\/media?parent=765"}],"curies":[{"name":"wp","href":"https:\/\/api.w.org\/{rel}","templated":true}]}}