{"id":1232,"date":"2021-04-03T08:46:54","date_gmt":"2021-04-03T08:46:54","guid":{"rendered":"https:\/\/hilink.be\/?page_id=1232"},"modified":"2024-06-20T22:52:41","modified_gmt":"2024-06-20T22:52:41","slug":"service","status":"publish","type":"page","link":"https:\/\/hilink.be\/me\/service\/","title":{"rendered":"Service"},"content":{"rendered":"<h1>Diensten<\/h1>\n<h3>\n\t\t\t\t\t\t\t\tTELEFONIE<\/h3>\n<h3>\n\t\t\t\t\t\t\tTELEFONIE<\/h3>\n<p>Meer informatie<br \/>\n<a href=\"https:\/\/hilink.be\/me\/telephonie\/\"><br \/>\nKlik hier\t\t\t\t\t\t<\/a><br \/>\n<svg xmlns=\"http:\/\/www.w3.org\/2000\/svg\"   viewbox=\"0 0 80.34 62.02\"><g id=\"Layer_2\"   data-name=\"Layer 2\"><g id=\"Layer_1-2\"   data-name=\"Layer 1\"><circle cx=\"40.6\"   cy=\"54.54\"   r=\"7.48\"><\/circle><path d=\"M79.5,16.34A54.15,54.15,0,0,0,40.6,0,54.71,54.71,0,0,0,.79,17.3a2.93,2.93,0,1,0,4.28,4A48.85,48.85,0,0,1,40.6,5.86,48.31,48.31,0,0,1,75.32,20.45a2.93,2.93,0,0,0,4.18-4.11Z\"><\/path><path d=\"M40.6,14.4A40.31,40.31,0,0,0,11.42,27a2.93,2.93,0,1,0,4.26,4A33.92,33.92,0,0,1,40.6,20.26,34.36,34.36,0,0,1,66,31.5a2.93,2.93,0,1,0,4.34-3.94A40.26,40.26,0,0,0,40.6,14.4Z\"><\/path><path d=\"M40.6,28.8a25.76,25.76,0,0,0-19.4,8.82,2.93,2.93,0,0,0,4.41,3.86,19.89,19.89,0,0,1,29.7-.32,2.93,2.93,0,1,0,4.33-3.94A25.8,25.8,0,0,0,40.6,28.8Z\"><\/path><\/g><\/g><\/svg><\/p>\n<h3>\n\t\t\t\t\t\t\t\tINTERNET\/SERVER<\/h3>\n<h3>\n\t\t\t\t\t\t\tINTERNET\/SERVER<\/h3>\n<p>Meer informatie<br \/>\n<a href=\"https:\/\/hilink.be\/me\/wi-fi\/\"><br \/>\nKlik hier\t\t\t\t\t\t<\/a><\/p>\n<h3>\n\t\t\t\t\t\t\t\tENERGIE<\/h3>\n<h3>\n\t\t\t\t\t\t\tENERGIE<\/h3>\n<p>Meer informatie<br \/>\n<a href=\"https:\/\/hilink.be\/me\/energie\/\"><br \/>\nKlik hier\t\t\t\t\t\t<\/a><\/p>\n<h3>\n\t\t\t\t\t\t\t\tPOS- EN BETAALTERMINALS<\/h3>\n<h3>\n\t\t\t\t\t\t\tPOS- EN BETAALTERMINALS<\/h3>\n<p>Meer informatie<br \/>\n<a href=\"https:\/\/hilink.be\/me\/payment-terminals\/\"><br \/>\nKlik hier\t\t\t\t\t\t<\/a><\/p>","protected":false},"excerpt":{"rendered":"<p>Solutions TELEPHONIE TELEPHONIE Pour en savoir plus sur nos solutions et nos offres Cliquez ici R\u00e9seau R\u00e9seau Pour en savoir plus sur nos solutions et nos offres Cliquez ici \u00c9NERGIE \u00c9NERGIE Pour en savoir plus sur nos solutions et nos offres Cliquez ici POS ET TERMINAUX DE PAIEMENT POS ET TERMINAUX DE PAIEMENT Pour en [&hellip;]<\/p>","protected":false},"author":4,"featured_media":0,"parent":0,"menu_order":0,"comment_status":"closed","ping_status":"closed","template":"elementor_header_footer","meta":[],"_links":{"self":[{"href":"https:\/\/hilink.be\/me\/wp-json\/wp\/v2\/pages\/1232"}],"collection":[{"href":"https:\/\/hilink.be\/me\/wp-json\/wp\/v2\/pages"}],"about":[{"href":"https:\/\/hilink.be\/me\/wp-json\/wp\/v2\/types\/page"}],"author":[{"embeddable":true,"href":"https:\/\/hilink.be\/me\/wp-json\/wp\/v2\/users\/4"}],"replies":[{"embeddable":true,"href":"https:\/\/hilink.be\/me\/wp-json\/wp\/v2\/comments?post=1232"}],"version-history":[{"count":99,"href":"https:\/\/hilink.be\/me\/wp-json\/wp\/v2\/pages\/1232\/revisions"}],"predecessor-version":[{"id":4035,"href":"https:\/\/hilink.be\/me\/wp-json\/wp\/v2\/pages\/1232\/revisions\/4035"}],"wp:attachment":[{"href":"https:\/\/hilink.be\/me\/wp-json\/wp\/v2\/media?parent=1232"}],"curies":[{"name":"wp","href":"https:\/\/api.w.org\/{rel}","templated":true}]}}