{"id":719,"date":"2021-03-24T06:51:43","date_gmt":"2021-03-24T06:51:43","guid":{"rendered":"https:\/\/hilink.be\/?page_id=719"},"modified":"2024-06-20T22:55:33","modified_gmt":"2024-06-20T22:55:33","slug":"telephonie","status":"publish","type":"page","link":"https:\/\/hilink.be\/me\/telephonie\/","title":{"rendered":"Telephonie"},"content":{"rendered":"<div data-elementor-type=\"wp-page\"   data-elementor-id=\"719\"  class=\"elementor elementor-719\"  data-elementor-settings=\"[]\">\n\t\t\t\t\t\t<div class=\"elementor-inner\">\n\t\t\t\t\t\t\t<div class=\"elementor-section-wrap\">\n\t\t\t\t\t\t\t<section class=\"elementor-section elementor-top-section elementor-element elementor-element-7f77039 elementor-section-height-min-height elementor-section-boxed elementor-section-height-default elementor-section-items-middle\"   data-id=\"7f77039\"   data-element_type=\"section\"   data-settings=\"{&quot;background_background&quot;:&quot;classic&quot;,&quot;shape_divider_bottom&quot;:&quot;waves&quot;}\">\n\t\t\t\t\t<div class=\"elementor-shape elementor-shape-bottom\" data-negative=\"false\">\n\t\t\t<svg xmlns=\"http:\/\/www.w3.org\/2000\/svg\"  viewbox=\"0 0 1000 100\" preserveaspectratio=\"none\">\n\t<path class=\"elementor-shape-fill\"   d=\"M421.9,6.5c22.6-2.5,51.5,0.4,75.5,5.3c23.6,4.9,70.9,23.5,100.5,35.7c75.8,32.2,133.7,44.5,192.6,49.7\tc23.6,2.1,48.7,3.5,103.4-2.5c54.7-6,106.2-25.6,106.2-25.6V0H0v30.3c0,0,72,32.6,158.4,30.5c39.2-0.7,92.8-6.7,134-22.4\tc21.2-8.1,52.2-18.2,79.7-24.2C399.3,7.9,411.6,7.5,421.9,6.5z\"\/>\n<\/svg>\t\t<\/div>\n\t\t\t\t\t<div class=\"elementor-container elementor-column-gap-default\">\n\t\t\t\t\t\t\t<div class=\"elementor-row\">\n\t\t\t\t\t<div class=\"elementor-column elementor-col-100 elementor-top-column elementor-element elementor-element-d88d3f7\"   data-id=\"d88d3f7\"   data-element_type=\"column\">\n\t\t\t<div class=\"elementor-column-wrap\">\n\t\t\t\t\t\t\t<div class=\"elementor-widget-wrap\">\n\t\t\t\t\t\t\t\t<\/div>\n\t\t\t\t\t<\/div>\n\t\t<\/div>\n\t\t\t\t\t\t\t\t<\/div>\n\t\t\t\t\t<\/div>\n\t\t<\/section>\n\t\t\t\t<section class=\"elementor-section elementor-top-section elementor-element elementor-element-7f5db29 elementor-section-boxed elementor-section-height-default elementor-section-height-default\"   data-id=\"7f5db29\"   data-element_type=\"section\">\n\t\t\t\t\t\t<div class=\"elementor-container elementor-column-gap-default\">\n\t\t\t\t\t\t\t<div class=\"elementor-row\">\n\t\t\t\t\t<div class=\"elementor-column elementor-col-100 elementor-top-column elementor-element elementor-element-1fdbb87\"   data-id=\"1fdbb87\" data-element_type=\"column\">\n\t\t\t<div class=\"elementor-column-wrap elementor-element-populated\">\n\t\t\t\t\t\t\t<div class=\"elementor-widget-wrap\">\n\t\t\t\t\t\t<div class=\"elementor-element elementor-element-5fecc07 elementor-widget elementor-widget-spacer\"   data-id=\"5fecc07\"   data-element_type=\"widget\"   data-widget_type=\"spacer.default\">\n\t\t\t\t<div class=\"elementor-widget-container\">\n\t\t\t\t\t<div class=\"elementor-spacer\">\n\t\t\t<div class=\"elementor-spacer-inner\"><\/div>\n\t\t<\/div>\n\t\t\t\t<\/div>\n\t\t\t\t<\/div>\n\t\t\t\t<div class=\"elementor-element elementor-element-243026c elementor-widget elementor-widget-heading\"   data-id=\"243026c\"   data-element_type=\"widget\"   data-widget_type=\"heading.default\">\n\t\t\t\t<div class=\"elementor-widget-container\">\n\t\t\t<h2 class=\"elementor-heading-title elementor-size-default\">Telefonie<\/h2>\t\t<\/div>\n\t\t\t\t<\/div>\n\t\t\t\t\t\t<\/div>\n\t\t\t\t\t<\/div>\n\t\t<\/div>\n\t\t\t\t\t\t\t\t<\/div>\n\t\t\t\t\t<\/div>\n\t\t<\/section>\n\t\t\t\t<section class=\"elementor-section elementor-top-section elementor-element elementor-element-336198d elementor-section-boxed elementor-section-height-default elementor-section-height-default\"   data-id=\"336198d\"   data-element_type=\"section\">\n\t\t\t\t\t\t<div class=\"elementor-container elementor-column-gap-default\">\n\t\t\t\t\t\t\t<div class=\"elementor-row\">\n\t\t\t\t\t<div class=\"elementor-column elementor-col-100 elementor-top-column elementor-element elementor-element-44043bb\"   data-id=\"44043bb\" data-element_type=\"column\">\n\t\t\t<div class=\"elementor-column-wrap elementor-element-populated\">\n\t\t\t\t\t\t\t<div class=\"elementor-widget-wrap\">\n\t\t\t\t\t\t<div class=\"elementor-element elementor-element-2493d2a elementor-widget elementor-widget-heading\"   data-id=\"2493d2a\"   data-element_type=\"widget\"  data-widget_type=\"heading.default\">\n\t\t\t\t<div class=\"elementor-widget-container\">\n\t\t\t<h2 class=\"elementor-heading-title elementor-size-default\"> Klein of middelgrote onderneming, het is voor u essentieel om een \u200b\u200bstabiele en effici\u00ebnte telefooncentrale te hebben.<\/h2>\t\t<\/div>\n\t\t\t\t<\/div>\n\t\t\t\t<div class=\"elementor-element elementor-element-ea56ff7 elementor-widget elementor-widget-heading\"   data-id=\"ea56ff7\"   data-element_type=\"widget\"   data-widget_type=\"heading.default\">\n\t\t\t\t<div class=\"elementor-widget-container\">\n\t\t\t<h2 class=\"elementor-heading-title elementor-size-default\">Functietelefoons, automatische antwoordapparaten, overschakelen van de ene dienst naar de andere... we laten u toe om uw inkomende en uitgaande oproepen te optimaliseren met slechts een paar klikken.\n\n\n\n\n<\/h2>\t\t<\/div>\n\t\t\t\t<\/div>\n\t\t\t\t<div class=\"elementor-element elementor-element-531fa7c elementor-widget elementor-widget-heading\"   data-id=\"531fa7c\"   data-element_type=\"widget\"   data-widget_type=\"heading.default\">\n\t\t\t\t<div class=\"elementor-widget-container\">\n\t\t\t<h2 class=\"elementor-heading-title elementor-size-default\">Dans une soci\u00e9t\u00e9 qui \u00e9volue de mani\u00e8re de plus en plus rapide et flexible, il faut aussi penser aux solutions \u00ab d\u00e9mat\u00e9rialis\u00e9es \u00bb qui vous permettront de passer \u00e0 une vitesse sup\u00e9rieure.\n\n\n<\/h2>\t\t<\/div>\n\t\t\t\t<\/div>\n\t\t\t\t\t\t<\/div>\n\t\t\t\t\t<\/div>\n\t\t<\/div>\n\t\t\t\t\t\t\t\t<\/div>\n\t\t\t\t\t<\/div>\n\t\t<\/section>\n\t\t\t\t<section class=\"elementor-section elementor-top-section elementor-element elementor-element-6d33d4c elementor-section-boxed elementor-section-height-default elementor-section-height-default\"   data-id=\"6d33d4c\"   data-element_type=\"section\">\n\t\t\t\t\t\t<div class=\"elementor-container elementor-column-gap-default\">\n\t\t\t\t\t\t\t<div class=\"elementor-row\">\n\t\t\t\t\t<div class=\"elementor-column elementor-col-100 elementor-top-column elementor-element elementor-element-8af9616\"   data-id=\"8af9616\" data-element_type=\"column\">\n\t\t\t<div class=\"elementor-column-wrap elementor-element-populated\">\n\t\t\t\t\t\t\t<div class=\"elementor-widget-wrap\">\n\t\t\t\t\t\t<section class=\"elementor-section elementor-inner-section elementor-element elementor-element-0d8a686 elementor-section-boxed elementor-section-height-default elementor-section-height-default\"   data-id=\"0d8a686\"  data-element_type=\"section\">\n\t\t\t\t\t\t<div class=\"elementor-container elementor-column-gap-default\">\n\t\t\t\t\t\t\t<div class=\"elementor-row\">\n\t\t\t\t\t<div class=\"elementor-column elementor-col-20 elementor-inner-column elementor-element elementor-element-2830f72\"   data-id=\"2830f72\"   data-element_type=\"column\">\n\t\t\t<div class=\"elementor-column-wrap elementor-element-populated\">\n\t\t\t\t\t\t\t<div class=\"elementor-widget-wrap\">\n\t\t\t\t\t\t<div class=\"elementor-element elementor-element-2868621 elementor-view-default elementor-position-top elementor-vertical-align-top elementor-widget elementor-widget-icon-box\"   data-id=\"2868621\"   data-element_type=\"widget\"   data-widget_type=\"icon-box.default\">\n\t\t\t\t<div class=\"elementor-widget-container\">\n\t\t\t\t\t<div class=\"elementor-icon-box-wrapper\">\n\t\t\t\t\t\t<div class=\"elementor-icon-box-icon\">\n\t\t\t\t<span class=\"elementor-icon elementor-animation-\" >\n\t\t\t\t<i aria-hidden=\"true\" class=\"fas fa-phone\"><\/i>\t\t\t\t<\/span>\n\t\t\t<\/div>\n\t\t\t\t\t\t<div class=\"elementor-icon-box-content\">\n\t\t\t\t<h3 class=\"elementor-icon-box-title\">\n\t\t\t\t\t<span >Callcenter<\/span>\n\t\t\t\t<\/h3>\n\t\t\t\t\t\t\t\t<p class=\"elementor-icon-box-description\">Uw communicatie is verenigd. Het is mogelijk om uw verschillende vaste of mobiele telefoons aan te sluiten.<br>\n<\/p>\n\t\t\t\t\t\t\t<\/div>\n\t\t<\/div>\n\t\t\t\t<\/div>\n\t\t\t\t<\/div>\n\t\t\t\t\t\t<\/div>\n\t\t\t\t\t<\/div>\n\t\t<\/div>\n\t\t\t\t<div class=\"elementor-column elementor-col-20 elementor-inner-column elementor-element elementor-element-283a085\"   data-id=\"283a085\"   data-element_type=\"column\">\n\t\t\t<div class=\"elementor-column-wrap elementor-element-populated\">\n\t\t\t\t\t\t\t<div class=\"elementor-widget-wrap\" >\n\t\t\t\t\t\t<div class=\"elementor-element elementor-element-daab83b elementor-view-default elementor-position-top elementor-vertical-align-top elementor-widget elementor-widget-icon-box\"   data-id=\"daab83b\"   data-element_type=\"widget\"   data-widget_type=\"icon-box.default\">\n\t\t\t\t<div class=\"elementor-widget-container\">\n\t\t\t\t\t<div class=\"elementor-icon-box-wrapper\">\n\t\t\t\t\t\t<div class=\"elementor-icon-box-icon\">\n\t\t\t\t<span class=\"elementor-icon elementor-animation-\" >\n\t\t\t\t<svg xmlns=\"http:\/\/www.w3.org\/2000\/svg\"  viewbox=\"0 0 24.98 31.14\"><g id=\"Layer_2\"  data-name=\"Layer 2\"><g id=\"Layer_1-2\" data-name=\"Layer 1\"><path d=\"M24,12.88H21.58V9.11A9.12,9.12,0,0,0,12.47,0h-.3A9.12,9.12,0,0,0,3.06,9.11v3.77H1a1,1,0,0,0-1,1V30.1a1,1,0,0,0,1,1H24a1,1,0,0,0,1-1V13.91A1,1,0,0,0,24,12.88ZM3.58,9.11A8.6,8.6,0,0,1,12.17.52h.3a8.6,8.6,0,0,1,8.59,8.59v3.76H18V9.11A5.51,5.51,0,0,0,12.47,3.6h-.3A5.51,5.51,0,0,0,6.66,9.11v3.76H3.58Zm13.88,0v3.76H7.18V9.11a5,5,0,0,1,5-5h.3A5,5,0,0,1,17.46,9.11Zm7,21a.54.54,0,0,1-.53.54H1A.54.54,0,0,1,.5,30.1V13.91A.53.53,0,0,1,1,13.38H24a.53.53,0,0,1,.53.53Z\"><\/path><path d=\"M3.06,15.13a3.55,3.55,0,0,1-.82.45V16a3.81,3.81,0,0,0,.59-.25,2.31,2.31,0,0,0,.53-.32v3h.57V14.61H3.56A1.71,1.71,0,0,1,3.06,15.13Z\" ><\/path><path d=\"M8,15.1a1.2,1.2,0,0,0-.46-.37,1.6,1.6,0,0,0-.65-.12,1.38,1.38,0,0,0-.83.23,1.35,1.35,0,0,0-.5.64,3.08,3.08,0,0,0-.17,1.11,2.26,2.26,0,0,0,.46,1.57,1.35,1.35,0,0,0,1,.4,1.39,1.39,0,0,0,.84-.23,1.35,1.35,0,0,0,.5-.64,3.08,3.08,0,0,0,.16-1.1,3.25,3.25,0,0,0-.1-.92A1.8,1.8,0,0,0,8,15.1Zm-.45,2.75a.84.84,0,0,1-1.31,0A2.09,2.09,0,0,1,6,16.59a2.1,2.1,0,0,1,.3-1.31A.75.75,0,0,1,6.87,15a.84.84,0,0,1,.66.32,2.16,2.16,0,0,1,.26,1.27A2.14,2.14,0,0,1,7.53,17.85Z\"><\/path><path d=\"M10.21,15.13a3.85,3.85,0,0,1-.83.45V16a3.81,3.81,0,0,0,.59-.25,2.65,2.65,0,0,0,.54-.32v3h.56V14.61h-.36A2,2,0,0,1,10.21,15.13Z\"><\/path><path d=\"M15.13,15.1a1.28,1.28,0,0,0-.46-.37,1.67,1.67,0,0,0-.65-.12,1.39,1.39,0,0,0-.84.23,1.33,1.33,0,0,0-.49.64,2.88,2.88,0,0,0-.17,1.11A2.27,2.27,0,0,0,13,18.16a1.37,1.37,0,0,0,1,.4,1.38,1.38,0,0,0,.83-.23,1.35,1.35,0,0,0,.5-.64,3.06,3.06,0,0,0,.17-1.1,3.2,3.2,0,0,0-.11-.92A1.79,1.79,0,0,0,15.13,15.1Zm-.46,2.75a.8.8,0,0,1-.65.32.83.83,0,0,1-.66-.31,2.18,2.18,0,0,1-.26-1.27,2.18,2.18,0,0,1,.29-1.31A.75.75,0,0,1,14,15a.84.84,0,0,1,.66.32,2.07,2.07,0,0,1,.27,1.27A2.05,2.05,0,0,1,14.67,17.85Z\"><\/path><path d=\"M17.35,15.13a3.63,3.63,0,0,1-.83.45V16a3.51,3.51,0,0,0,.6-.25,2.31,2.31,0,0,0,.53-.32v3h.57V14.61h-.37A1.84,1.84,0,0,1,17.35,15.13Z\"><\/path><path d=\"M22.27,15.1a1.2,1.2,0,0,0-.46-.37,1.64,1.64,0,0,0-.65-.12,1.38,1.38,0,0,0-.83.23,1.35,1.35,0,0,0-.5.64,3.08,3.08,0,0,0-.17,1.11,2.22,2.22,0,0,0,.46,1.57,1.35,1.35,0,0,0,1,.4,1.39,1.39,0,0,0,.84-.23,1.33,1.33,0,0,0,.49-.64,3.06,3.06,0,0,0,.17-1.1,3.25,3.25,0,0,0-.1-.92A1.8,1.8,0,0,0,22.27,15.1Zm-.46,2.75a.78.78,0,0,1-.65.32.8.8,0,0,1-.65-.31,2.09,2.09,0,0,1-.27-1.27,2.18,2.18,0,0,1,.29-1.31.77.77,0,0,1,.62-.28.81.81,0,0,1,.66.32,2.07,2.07,0,0,1,.27,1.27A2.05,2.05,0,0,1,21.81,17.85Z\"><\/path><path d=\"M3.06,20.44a3.22,3.22,0,0,1-.82.45v.46a3.66,3.66,0,0,0,.59-.24,2.72,2.72,0,0,0,.53-.33v3h.57V19.92H3.56A1.71,1.71,0,0,1,3.06,20.44Z\"><\/path><path d=\"M8,20.41a1.09,1.09,0,0,0-.46-.36,1.45,1.45,0,0,0-.65-.13,1.45,1.45,0,0,0-.83.23,1.4,1.4,0,0,0-.5.64,3.08,3.08,0,0,0-.17,1.11,2.25,2.25,0,0,0,.46,1.57,1.36,1.36,0,0,0,1,.41,1.46,1.46,0,0,0,.84-.23,1.43,1.43,0,0,0,.5-.65,3.08,3.08,0,0,0,.16-1.1,3.3,3.3,0,0,0-.1-.92A1.91,1.91,0,0,0,8,20.41Zm-.45,2.76a.83.83,0,0,1-.66.31.81.81,0,0,1-.65-.31A2.07,2.07,0,0,1,6,21.9a2.1,2.1,0,0,1,.3-1.31.78.78,0,0,1,.62-.28.84.84,0,0,1,.66.32,2.16,2.16,0,0,1,.26,1.27A2.18,2.18,0,0,1,7.53,23.17Z\"><\/path><path d=\"M10.21,20.44a3.46,3.46,0,0,1-.83.45v.46a3.66,3.66,0,0,0,.59-.24,3.19,3.19,0,0,0,.54-.33v3h.56V19.92h-.36A2,2,0,0,1,10.21,20.44Z\"><\/path><path d=\"M15.13,20.41a1.16,1.16,0,0,0-.46-.36,1.51,1.51,0,0,0-.65-.13,1.46,1.46,0,0,0-.84.23,1.38,1.38,0,0,0-.49.64,2.88,2.88,0,0,0-.17,1.11A2.25,2.25,0,0,0,13,23.47a1.38,1.38,0,0,0,1,.41,1.45,1.45,0,0,0,.83-.23,1.43,1.43,0,0,0,.5-.65,3.06,3.06,0,0,0,.17-1.1,3.25,3.25,0,0,0-.11-.92A1.9,1.9,0,0,0,15.13,20.41Zm-.46,2.76a.81.81,0,0,1-.65.31.83.83,0,0,1-.66-.31,2.16,2.16,0,0,1-.26-1.27,2.18,2.18,0,0,1,.29-1.31.78.78,0,0,1,.62-.28.84.84,0,0,1,.66.32,2.07,2.07,0,0,1,.27,1.27A2.09,2.09,0,0,1,14.67,23.17Z\"><\/path><path d=\"M17.35,20.44a3.28,3.28,0,0,1-.83.45v.46a3.4,3.4,0,0,0,.6-.24,2.72,2.72,0,0,0,.53-.33v3h.57V19.92h-.37A1.84,1.84,0,0,1,17.35,20.44Z\"><\/path><path d=\"M22.27,20.41a1.09,1.09,0,0,0-.46-.36,1.48,1.48,0,0,0-.65-.13,1.45,1.45,0,0,0-.83.23,1.4,1.4,0,0,0-.5.64,3.08,3.08,0,0,0-.17,1.11,2.2,2.2,0,0,0,.46,1.57,1.36,1.36,0,0,0,1,.41,1.46,1.46,0,0,0,.84-.23,1.41,1.41,0,0,0,.49-.65,3.06,3.06,0,0,0,.17-1.1,3.3,3.3,0,0,0-.1-.92A1.91,1.91,0,0,0,22.27,20.41Zm-.46,2.76a.84.84,0,0,1-1.3,0,2.07,2.07,0,0,1-.27-1.27,2.18,2.18,0,0,1,.29-1.31.8.8,0,0,1,.62-.28.81.81,0,0,1,.66.32,2.07,2.07,0,0,1,.27,1.27A2.09,2.09,0,0,1,21.81,23.17Z\"><\/path><path d=\"M3.06,25.58a3.55,3.55,0,0,1-.82.45v.46a4.9,4.9,0,0,0,.59-.24,2.72,2.72,0,0,0,.53-.33v3h.57V25.06H3.56A1.71,1.71,0,0,1,3.06,25.58Z\"><\/path><path d=\"M8,25.55a1.09,1.09,0,0,0-.46-.36,1.45,1.45,0,0,0-.65-.13,1.45,1.45,0,0,0-.83.23,1.35,1.35,0,0,0-.5.64A3.08,3.08,0,0,0,5.37,27a2.25,2.25,0,0,0,.46,1.57,1.35,1.35,0,0,0,1,.4,1.46,1.46,0,0,0,.84-.22,1.43,1.43,0,0,0,.5-.65A3.08,3.08,0,0,0,8.37,27a3.25,3.25,0,0,0-.1-.92A1.8,1.8,0,0,0,8,25.55Zm-.45,2.76a.83.83,0,0,1-.66.31.81.81,0,0,1-.65-.31A2.09,2.09,0,0,1,6,27a2.1,2.1,0,0,1,.3-1.31.78.78,0,0,1,.62-.28.84.84,0,0,1,.66.32A2.16,2.16,0,0,1,7.79,27,2.2,2.2,0,0,1,7.53,28.31Z\"><\/path><path d=\"M10.21,25.58a3.85,3.85,0,0,1-.83.45v.46a4.9,4.9,0,0,0,.59-.24,3.19,3.19,0,0,0,.54-.33v3h.56V25.06h-.36A2,2,0,0,1,10.21,25.58Z\"><\/path><path d=\"M15.13,25.55a1.16,1.16,0,0,0-.46-.36,1.51,1.51,0,0,0-.65-.13,1.46,1.46,0,0,0-.84.23,1.33,1.33,0,0,0-.49.64A2.88,2.88,0,0,0,12.52,27,2.25,2.25,0,0,0,13,28.61a1.37,1.37,0,0,0,1,.4,1.45,1.45,0,0,0,.83-.22,1.43,1.43,0,0,0,.5-.65,3.06,3.06,0,0,0,.17-1.1,3.2,3.2,0,0,0-.11-.92A1.79,1.79,0,0,0,15.13,25.55Zm-.46,2.76a.81.81,0,0,1-.65.31.83.83,0,0,1-.66-.31A2.18,2.18,0,0,1,13.1,27a2.18,2.18,0,0,1,.29-1.31.78.78,0,0,1,.62-.28.84.84,0,0,1,.66.32A2.07,2.07,0,0,1,14.94,27,2.11,2.11,0,0,1,14.67,28.31Z\"><\/path><path d=\"M17.35,25.58a3.63,3.63,0,0,1-.83.45v.46a4.4,4.4,0,0,0,.6-.24,2.72,2.72,0,0,0,.53-.33v3h.57V25.06h-.37A1.84,1.84,0,0,1,17.35,25.58Z\"><\/path><path d=\"M22.27,25.55a1.09,1.09,0,0,0-.46-.36,1.48,1.48,0,0,0-.65-.13,1.45,1.45,0,0,0-.83.23,1.35,1.35,0,0,0-.5.64A3.08,3.08,0,0,0,19.66,27a2.2,2.2,0,0,0,.46,1.57,1.35,1.35,0,0,0,1,.4,1.46,1.46,0,0,0,.84-.22,1.41,1.41,0,0,0,.49-.65,3.06,3.06,0,0,0,.17-1.1,3.25,3.25,0,0,0-.1-.92A1.8,1.8,0,0,0,22.27,25.55Zm-.46,2.76a.84.84,0,0,1-1.3,0A2.09,2.09,0,0,1,20.24,27a2.18,2.18,0,0,1,.29-1.31.8.8,0,0,1,.62-.28.81.81,0,0,1,.66.32A2.07,2.07,0,0,1,22.08,27,2.11,2.11,0,0,1,21.81,28.31Z\"><\/path><\/g><\/g><\/svg>\t\t\t\t<\/span>\n\t\t\t<\/div>\n\t\t\t\t\t\t<div class=\"elementor-icon-box-content\">\n\t\t\t\t<h3 class=\"elementor-icon-box-title\">\n\t\t\t\t\t<span >Digitalisering<\/span>\n\t\t\t\t<\/h3>\n\t\t\t\t\t\t\t\t<p class=\"elementor-icon-box-description\">Wij bieden u volledige en beveiligde digitale oplossingen.\n\n\n<\/p>\n\t\t\t\t\t\t\t<\/div>\n\t\t<\/div>\n\t\t\t\t<\/div>\n\t\t\t\t<\/div>\n\t\t\t\t\t\t<\/div>\n\t\t\t\t\t<\/div>\n\t\t<\/div>\n\t\t\t\t<div class=\"elementor-column elementor-col-20 elementor-inner-column elementor-element elementor-element-a20c90a\"   data-id=\"a20c90a\"   data-element_type=\"column\">\n\t\t\t<div class=\"elementor-column-wrap elementor-element-populated\">\n\t\t\t\t\t\t\t<div class=\"elementor-widget-wrap\">\n\t\t\t\t\t\t<div class=\"elementor-element elementor-element-cd116d6 elementor-view-default elementor-position-top elementor-vertical-align-top elementor-widget elementor-widget-icon-box\"   data-id=\"cd116d6\"   data-element_type=\"widget\"  data-widget_type=\"icon-box.default\">\n\t\t\t\t<div class=\"elementor-widget-container\">\n\t\t\t\t\t<div class=\"elementor-icon-box-wrapper\">\n\t\t\t\t\t\t<div class=\"elementor-icon-box-icon\">\n\t\t\t\t<span class=\"elementor-icon elementor-animation-\" >\n\t\t\t\t<svg xmlns=\"http:\/\/www.w3.org\/2000\/svg\"   viewbox=\"0 0 48.97 44.75\"><g id=\"Layer_2\" data-name=\"Layer 2\"><g id=\"Layer_1-2\" data-name=\"Layer 1\"><path d=\"M38.17,40.69V36.35a1.2,1.2,0,0,0-1-.38c-1.47,0-1.91,1.07-3.67,1.24a3,3,0,0,1-2.33-.53,3.93,3.93,0,0,1,0-5.89c.7-.6,1.83-.59,3.15-.3l2.56.94A1,1,0,0,0,38.17,31V4.06A4.06,4.06,0,0,0,34.11,0H27.55a3.08,3.08,0,0,0-1.61,2.18,3.48,3.48,0,0,0-.08.63c0,1.1.8,1.42.94,2.74a2.31,2.31,0,0,1-.41,1.75A2.94,2.94,0,0,1,22,7.3a2.54,2.54,0,0,1-.23-2.36L22.47,3a2.38,2.38,0,0,0,.22-.85A2.26,2.26,0,0,0,21.52,0H14.33a4.07,4.07,0,0,0-4.07,4.06V30.52a1.13,1.13,0,0,0,1.49.91l2.55-.94c1.32-.29,2.45-.3,3.16.3a3.93,3.93,0,0,1,0,5.89,3,3,0,0,1-2.33.53C13.36,37,12.92,36,11.45,36a1.16,1.16,0,0,0-1.19.69v4a4.07,4.07,0,0,0,4.07,4.06H34.11A4.06,4.06,0,0,0,38.17,40.69ZM26.75,21.81l.94-2.56c.29-1.32.3-2.45-.3-3.15a3.93,3.93,0,0,0-5.89,0A3,3,0,0,0,21,18.43c.17,1.76,1.26,2.2,1.25,3.67a1.25,1.25,0,0,1-.42,1H13.91A1.12,1.12,0,0,1,12.8,22V4.36A2.19,2.19,0,0,1,15,2.18H21l-.89,2.43c-.4,1.75-.41,3.25.39,4.19a5.21,5.21,0,0,0,7.8,0,4.06,4.06,0,0,0,.71-3.09c-.17-1.71-1-2.48-1.39-3.53H34a2.19,2.19,0,0,1,2.18,2.18V22A1.12,1.12,0,0,1,35,23.12H27.26A1,1,0,0,1,26.75,21.81Z\"><\/path><rect x=\"42.71\"   y=\"21.81\"   width=\"6.26\"   height=\"2.14\"   rx=\"0.89\"><\/rect><rect x=\"43.04\"   y=\"24.94\"   width=\"2.14\"   height=\"6.26\"   rx=\"0.89\"   transform=\"translate(-6.61 40.75) rotate(-46.51)\"><\/rect><rect x=\"40.98\"   y=\"16.64\"   width=\"6.26\"   height=\"2.14\"   rx=\"0.89\"   transform=\"translate(-0.08 35.21) rotate(-43.48)\"><\/rect><rect y=\"21.81\"   width=\"6.26\"   height=\"2.14\"   rx=\"0.89\"><\/rect><rect x=\"1.73\"   y=\"26.99\"   width=\"6.26\"   height=\"2.14\"   rx=\"0.89\"   transform=\"translate(-17.98 11.05) rotate(-43.48)\"><\/rect><rect x=\"3.79\"   y=\"14.58\"   width=\"2.14\"   height=\"6.26\"   rx=\"0.89\"   transform=\"translate(-11.33 9.05) rotate(-46.52)\"><\/rect><\/g><\/g><\/svg>\t\t\t\t<\/span>\n\t\t\t<\/div>\n\t\t\t\t\t\t<div class=\"elementor-icon-box-content\">\n\t\t\t\t<h3 class=\"elementor-icon-box-title\">\n\t\t\t\t\t<span >Betrouwbaar<\/span>\n\t\t\t\t<\/h3>\n\t\t\t\t\t\t\t\t<p class=\"elementor-icon-box-description\">Gedematerialiseerd of niet, uw telecommunicatieplatform is effici\u00ebnt en integreert in uw huidige infrastructuur.\n\n<\/p>\n\t\t\t\t\t\t\t<\/div>\n\t\t<\/div>\n\t\t\t\t<\/div>\n\t\t\t\t<\/div>\n\t\t\t\t\t\t<\/div>\n\t\t\t\t\t<\/div>\n\t\t<\/div>\n\t\t\t\t<div class=\"elementor-column elementor-col-20 elementor-inner-column elementor-element elementor-element-63c3da1\"   data-id=\"63c3da1\"   data-element_type=\"column\">\n\t\t\t<div class=\"elementor-column-wrap elementor-element-populated\">\n\t\t\t\t\t\t\t<div class=\"elementor-widget-wrap\" >\n\t\t\t\t\t\t<div class=\"elementor-element elementor-element-519649f elementor-view-default elementor-position-top elementor-vertical-align-top elementor-widget elementor-widget-icon-box\"   data-id=\"519649f\"   data-element_type=\"widget\"   data-widget_type=\"icon-box.default\">\n\t\t\t\t<div class=\"elementor-widget-container\">\n\t\t\t\t\t<div class=\"elementor-icon-box-wrapper\">\n\t\t\t\t\t\t<div class=\"elementor-icon-box-icon\">\n\t\t\t\t<span class=\"elementor-icon elementor-animation-\" >\n\t\t\t\t<i aria-hidden=\"true\"  class=\"fas fa-signal\"><\/i>\t\t\t\t<\/span>\n\t\t\t<\/div>\n\t\t\t\t\t\t<div class=\"elementor-icon-box-content\">\n\t\t\t\t<h3 class=\"elementor-icon-box-title\">\n\t\t\t\t\t<span >Versterkte dekking<\/span>\n\t\t\t\t<\/h3>\n\t\t\t\t\t\t\t\t<p class=\"elementor-icon-box-description\">Met onze pakketten kunt u ge\u00efsoleerde werkruimtes afdekken, namelijk met het 4G-signaal.\n\n<\/p>\n\t\t\t\t\t\t\t<\/div>\n\t\t<\/div>\n\t\t\t\t<\/div>\n\t\t\t\t<\/div>\n\t\t\t\t\t\t<\/div>\n\t\t\t\t\t<\/div>\n\t\t<\/div>\n\t\t\t\t<div class=\"elementor-column elementor-col-20 elementor-inner-column elementor-element elementor-element-6244601\"   data-id=\"6244601\"   data-element_type=\"column\">\n\t\t\t<div class=\"elementor-column-wrap elementor-element-populated\">\n\t\t\t\t\t\t\t<div class=\"elementor-widget-wrap\">\n\t\t\t\t\t\t<div class=\"elementor-element elementor-element-f1c372a elementor-view-default elementor-position-top elementor-vertical-align-top elementor-widget elementor-widget-icon-box\"   data-id=\"f1c372a\"   data-element_type=\"widget\"   data-widget_type=\"icon-box.default\">\n\t\t\t\t<div class=\"elementor-widget-container\">\n\t\t\t\t\t<div class=\"elementor-icon-box-wrapper\">\n\t\t\t\t\t\t<div class=\"elementor-icon-box-icon\">\n\t\t\t\t<span class=\"elementor-icon elementor-animation-\" >\n\t\t\t\t<svg xmlns=\"http:\/\/www.w3.org\/2000\/svg\"  viewbox=\"0 0 77.04 70.24\"><g id=\"Layer_2\" data-name=\"Layer 2\"><g id=\"Layer_1-2\" data-name=\"Layer 1\"><path d=\"M69.92,64.67l-5.26,5.57-6.81-8.87-28.95-29-1.18,1.18a3.24,3.24,0,0,1-4.59,0L1,11.33A3.24,3.24,0,0,1,1,6.74L6.34,1.35a3.24,3.24,0,0,1,4.59,0L33.11,23.53a3.24,3.24,0,0,1,0,4.59L32,29.25,60.32,58.07Z\"><\/path><path d=\"M77,10.67A10.67,10.67,0,0,1,66.37,21.34a10.49,10.49,0,0,1-3.19-.49L27.77,56.34a10.51,10.51,0,0,1,.5,3.24A10.66,10.66,0,0,1,17.6,70.24a10.4,10.4,0,0,1-2-.18l7.77-8.25-8.1-7.63L7.37,62.61a10.47,10.47,0,0,1-.44-3A10.67,10.67,0,0,1,17.6,48.91a10.48,10.48,0,0,1,2.93.41L56.1,13.54a10.47,10.47,0,0,1-.4-2.87A10.67,10.67,0,0,1,66.37,0a10.34,10.34,0,0,1,2.38.27l-8.1,8.59,8.1,7.63,8-8.45A10.36,10.36,0,0,1,77,10.67Z\" ><\/path><\/g><\/g><\/svg>\t\t\t\t<\/span>\n\t\t\t<\/div>\n\t\t\t\t\t\t<div class=\"elementor-icon-box-content\">\n\t\t\t\t<h3 class=\"elementor-icon-box-title\">\n\t\t\t\t\t<span >Installatie<\/span>\n\t\t\t\t<\/h3>\n\t\t\t\t\t\t\t\t<p class=\"elementor-icon-box-description\">En tant qu'int\u00e9grateur, HiLink s'occupe du raccordement et de l'installation compl\u00e8te de votre solution.<\/p>\n\t\t\t\t\t\t\t<\/div>\n\t\t<\/div>\n\t\t\t\t<\/div>\n\t\t\t\t<\/div>\n\t\t\t\t\t\t<\/div>\n\t\t\t\t\t<\/div>\n\t\t<\/div>\n\t\t\t\t\t\t\t\t<\/div>\n\t\t\t\t\t<\/div>\n\t\t<\/section>\n\t\t\t\t\t\t<\/div>\n\t\t\t\t\t<\/div>\n\t\t<\/div>\n\t\t\t\t\t\t\t\t<\/div>\n\t\t\t\t\t<\/div>\n\t\t<\/section>\n\t\t\t\t<section class=\"elementor-section elementor-top-section elementor-element elementor-element-9c8ec02 elementor-section-boxed elementor-section-height-default elementor-section-height-default\"   data-id=\"9c8ec02\"   data-element_type=\"section\">\n\t\t\t\t\t\t<div class=\"elementor-container elementor-column-gap-default\">\n\t\t\t\t\t\t\t<div class=\"elementor-row\">\n\t\t\t\t\t<div class=\"elementor-column elementor-col-100 elementor-top-column elementor-element elementor-element-33f3039\"   data-id=\"33f3039\"   data-element_type=\"column\">\n\t\t\t<div class=\"elementor-column-wrap elementor-element-populated\">\n\t\t\t\t\t\t\t<div class=\"elementor-widget-wrap\">\n\t\t\t\t\t\t<div class=\"elementor-element elementor-element-1be81d9 elementor-align-center elementor-widget elementor-widget-button\"   data-id=\"1be81d9\"   data-element_type=\"widget\"   data-widget_type=\"button.default\">\n\t\t\t\t<div class=\"elementor-widget-container\" >\n\t\t\t\t\t<div class=\"elementor-button-wrapper\">\n\t\t\t<a href=\"https:\/\/hilink.be\/me\/contact\/\"   target=\"_blank\"   class=\"elementor-button-link elementor-button elementor-size-md\"  role=\"button\">\n\t\t\t\t\t\t<span class=\"elementor-button-content-wrapper\">\n\t\t\t\t\t\t<span class=\"elementor-button-icon elementor-align-icon-left\">\n\t\t\t\t<i aria-hidden=\"true\"  class=\"far fa-paper-plane\"><\/i>\t\t\t<\/span>\n\t\t\t\t\t\t<span class=\"elementor-button-text\"> Afspraak Inplannen<\/span>\n\t\t<\/span>\n\t\t\t\t\t<\/a>\n\t\t<\/div>\n\t\t\t\t<\/div>\n\t\t\t\t<\/div>\n\t\t\t\t\t\t<\/div>\n\t\t\t\t\t<\/div>\n\t\t<\/div>\n\t\t\t\t\t\t\t\t<\/div>\n\t\t\t\t\t<\/div>\n\t\t<\/section>\n\t\t\t\t\t\t<\/div>\n\t\t\t\t\t\t<\/div>\n\t\t\t\t\t<\/div>","protected":false},"excerpt":{"rendered":"<p>T\u00e9l\u00e9phonie mobile et fixe Petite, moyenne ou grande entreprise, il est indispensable pour vous d\u2019avoir une centrale t\u00e9l\u00e9phonique stable et performante. T\u00e9l\u00e9phones de fonction, r\u00e9pondeurs automatis\u00e9s, passage d\u2019un service \u00e0 un autre\u2026 nous vous permettons d\u2019optimiser vos appels entrants et sortants en quelques clics. Dans une soci\u00e9t\u00e9 qui \u00e9volue de mani\u00e8re de plus en plus [&hellip;]<\/p>","protected":false},"author":4,"featured_media":0,"parent":0,"menu_order":0,"comment_status":"closed","ping_status":"closed","template":"elementor_header_footer","meta":[],"_links":{"self":[{"href":"https:\/\/hilink.be\/me\/wp-json\/wp\/v2\/pages\/719"}],"collection":[{"href":"https:\/\/hilink.be\/me\/wp-json\/wp\/v2\/pages"}],"about":[{"href":"https:\/\/hilink.be\/me\/wp-json\/wp\/v2\/types\/page"}],"author":[{"embeddable":true,"href":"https:\/\/hilink.be\/me\/wp-json\/wp\/v2\/users\/4"}],"replies":[{"embeddable":true,"href":"https:\/\/hilink.be\/me\/wp-json\/wp\/v2\/comments?post=719"}],"version-history":[{"count":46,"href":"https:\/\/hilink.be\/me\/wp-json\/wp\/v2\/pages\/719\/revisions"}],"predecessor-version":[{"id":4038,"href":"https:\/\/hilink.be\/me\/wp-json\/wp\/v2\/pages\/719\/revisions\/4038"}],"wp:attachment":[{"href":"https:\/\/hilink.be\/me\/wp-json\/wp\/v2\/media?parent=719"}],"curies":[{"name":"wp","href":"https:\/\/api.w.org\/{rel}","templated":true}]}}